{"id":677,"date":"2020-09-09T17:55:08","date_gmt":"2020-09-09T17:55:08","guid":{"rendered":"https:\/\/demosites.io\/shop-gb\/?page_id=265"},"modified":"2026-02-25T07:39:37","modified_gmt":"2026-02-25T07:39:37","slug":"52e3e-home","status":"publish","type":"page","link":"https:\/\/woodirection.com\/","title":{"rendered":""},"content":{"rendered":"\n<div class=\"wp-block-columns is-layout-flex wp-container-core-columns-is-layout-28f84493 wp-block-columns-is-layout-flex\">\n<div class=\"wp-block-column is-layout-flow wp-block-column-is-layout-flow\"><\/div>\n<\/div>\n\n\n\n<div class=\"wp-block-columns is-layout-flex wp-container-core-columns-is-layout-28f84493 wp-block-columns-is-layout-flex\">\n<div class=\"wp-block-column is-layout-flow wp-block-column-is-layout-flow\">\n<figure class=\"wp-block-image size-large is-resized\"><img loading=\"lazy\" decoding=\"async\" width=\"781\" height=\"1024\" src=\"https:\/\/woodirection.com\/wp-content\/uploads\/2025\/02\/1739087874074-781x1024.jpg\" alt=\"\" class=\"wp-image-1132\" style=\"aspect-ratio:0.7626998821747181;width:344px;height:auto\" srcset=\"https:\/\/woodirection.com\/wp-content\/uploads\/2025\/02\/1739087874074-781x1024.jpg 781w, https:\/\/woodirection.com\/wp-content\/uploads\/2025\/02\/1739087874074-scaled-800x1050.jpg 800w, https:\/\/woodirection.com\/wp-content\/uploads\/2025\/02\/1739087874074-229x300.jpg 229w, https:\/\/woodirection.com\/wp-content\/uploads\/2025\/02\/1739087874074-768x1007.jpg 768w, https:\/\/woodirection.com\/wp-content\/uploads\/2025\/02\/1739087874074-1171x1536.jpg 1171w, https:\/\/woodirection.com\/wp-content\/uploads\/2025\/02\/1739087874074-1561x2048.jpg 1561w, https:\/\/woodirection.com\/wp-content\/uploads\/2025\/02\/1739087874074-scaled.jpg 1951w\" sizes=\"auto, (max-width: 781px) 100vw, 781px\" \/><\/figure>\n\n\n\n<div class=\"wp-block-buttons is-content-justification-center is-layout-flex wp-container-core-buttons-is-layout-07853e23 wp-block-buttons-is-layout-flex\" style=\"margin-top:var(--wp--preset--spacing--30);margin-bottom:var(--wp--preset--spacing--30)\">\n<div class=\"wp-block-button\"><a class=\"wp-block-button__link wp-element-button\" href=\"https:\/\/woodirection.com\/?post_type=product\">zOBACZ WI\u0118CEJ \u0141Y\u017bEK<\/a><\/div>\n<\/div>\n<\/div>\n\n\n\n<div class=\"wp-block-column is-layout-flow wp-block-column-is-layout-flow\">\n<figure class=\"wp-block-image size-large is-resized\"><img loading=\"lazy\" decoding=\"async\" width=\"768\" height=\"1024\" src=\"https:\/\/woodirection.com\/wp-content\/uploads\/2025\/10\/1760031446515-768x1024.jpg\" alt=\"\" class=\"wp-image-1414\" style=\"width:339px;height:auto\" srcset=\"https:\/\/woodirection.com\/wp-content\/uploads\/2025\/10\/1760031446515-768x1024.jpg 768w, https:\/\/woodirection.com\/wp-content\/uploads\/2025\/10\/1760031446515-225x300.jpg 225w, https:\/\/woodirection.com\/wp-content\/uploads\/2025\/10\/1760031446515-1152x1536.jpg 1152w, https:\/\/woodirection.com\/wp-content\/uploads\/2025\/10\/1760031446515-1536x2048.jpg 1536w, https:\/\/woodirection.com\/wp-content\/uploads\/2025\/10\/1760031446515-1140x1520.jpg 1140w, https:\/\/woodirection.com\/wp-content\/uploads\/2025\/10\/1760031446515-920x1227.jpg 920w, https:\/\/woodirection.com\/wp-content\/uploads\/2025\/10\/1760031446515-575x767.jpg 575w, https:\/\/woodirection.com\/wp-content\/uploads\/2025\/10\/1760031446515-380x507.jpg 380w, https:\/\/woodirection.com\/wp-content\/uploads\/2025\/10\/1760031446515-800x1067.jpg 800w, https:\/\/woodirection.com\/wp-content\/uploads\/2025\/10\/1760031446515-scaled.jpg 1920w\" sizes=\"auto, (max-width: 768px) 100vw, 768px\" \/><\/figure>\n\n\n\n<div class=\"wp-block-buttons is-content-justification-center is-layout-flex wp-container-core-buttons-is-layout-e511ce0b wp-block-buttons-is-layout-flex\" style=\"margin-top:var(--wp--preset--spacing--30);margin-bottom:var(--wp--preset--spacing--30)\">\n<div class=\"wp-block-button\"><a class=\"wp-block-button__link wp-element-button\" href=\"https:\/\/woodirection.com\/?post_type=product\">ZOBACZ WI\u0118CEJ ZAWIESZEK..<\/a><\/div>\n<\/div>\n<\/div>\n\n\n\n<div class=\"wp-block-column is-layout-flow wp-block-column-is-layout-flow\">\n<figure class=\"wp-block-image size-large\"><img loading=\"lazy\" decoding=\"async\" width=\"802\" height=\"1024\" src=\"https:\/\/woodirection.com\/wp-content\/uploads\/2025\/02\/1739087874134-802x1024.jpg\" alt=\"\" class=\"wp-image-1144\" srcset=\"https:\/\/woodirection.com\/wp-content\/uploads\/2025\/02\/1739087874134-802x1024.jpg 802w, https:\/\/woodirection.com\/wp-content\/uploads\/2025\/02\/1739087874134-scaled-800x1021.jpg 800w, https:\/\/woodirection.com\/wp-content\/uploads\/2025\/02\/1739087874134-235x300.jpg 235w, https:\/\/woodirection.com\/wp-content\/uploads\/2025\/02\/1739087874134-768x980.jpg 768w, https:\/\/woodirection.com\/wp-content\/uploads\/2025\/02\/1739087874134-1204x1536.jpg 1204w, https:\/\/woodirection.com\/wp-content\/uploads\/2025\/02\/1739087874134-1605x2048.jpg 1605w, https:\/\/woodirection.com\/wp-content\/uploads\/2025\/02\/1739087874134-scaled.jpg 2006w\" sizes=\"auto, (max-width: 802px) 100vw, 802px\" \/><\/figure>\n\n\n\n<div class=\"wp-block-buttons is-content-justification-center is-layout-flex wp-container-core-buttons-is-layout-e511ce0b wp-block-buttons-is-layout-flex\" style=\"margin-top:var(--wp--preset--spacing--30);margin-bottom:var(--wp--preset--spacing--30)\">\n<div class=\"wp-block-button\"><a class=\"wp-block-button__link wp-element-button\" href=\"https:\/\/woodirection.com\/?post_type=product\">zOBACZ wI\u0118CEJ FIGUREK<\/a><\/div>\n<\/div>\n<\/div>\n<\/div>\n\n\n\n<div class=\"wp-block-columns is-layout-flex wp-container-core-columns-is-layout-28f84493 wp-block-columns-is-layout-flex\">\n<div class=\"wp-block-column is-layout-flow wp-block-column-is-layout-flow\"><\/div>\n\n\n\n<div class=\"wp-block-column is-layout-flow wp-block-column-is-layout-flow\"><\/div>\n<\/div>\n\n\n\n<div class=\"wp-block-group alignfull is-content-justification-center\" style=\"margin-top:0;margin-bottom:0;padding-top:calc( 0.5 * var(--wp--style--root--padding-right, var(--wp--custom--gap--horizontal)));padding-right:var(--wp--style--root--padding-right, var(--wp--custom--gap--horizontal));padding-bottom:calc( 0.5 * var(--wp--style--root--padding-right, var(--wp--custom--gap--horizontal)));padding-left:var(--wp--style--root--padding-left, var(--wp--custom--gap--horizontal))\"><div class=\"wp-block-group__inner-container is-layout-constrained wp-container-core-group-is-layout-df757ecc wp-block-group-is-layout-constrained\">\n<div style=\"height:calc( 0.25 * var(--wp--style--root--padding-right, var(--wp--custom--gap--horizontal)))\" aria-hidden=\"true\" class=\"wp-block-spacer\"><\/div>\n\n\n\n<div style=\"height:calc( 0.25 * var(--wp--style--root--padding-right, var(--wp--custom--gap--horizontal)))\" aria-hidden=\"true\" class=\"wp-block-spacer\"><\/div>\n<\/div><\/div>\n\n\n\n<p class=\"has-text-align-center has-larger-font-size\"><strong><span style=\"color: #b31b1b;\" class=\"stk-highlight\">Wysy\u0142ka poradnik\u00f3w po 1.03.2026 <\/span><\/strong><\/p>\n\n\n\n<div class=\"wp-block-media-text has-media-on-the-right is-stacked-on-mobile is-vertically-aligned-center\" style=\"grid-template-columns:auto 36%\"><div class=\"wp-block-media-text__content\">\n<p class=\"has-small-font-size\">Ten zestaw zosta\u0142 stworzony z my\u015bl\u0105 o osobach, kt\u00f3re chc\u0105 rozpocz\u0105\u0107 swoj\u0105 przygod\u0119 z rze\u017abieniem w drewnie, nawet je\u015bli nigdy wcze\u015bniej nie trzyma\u0142y no\u017ca w r\u0119ku. W \u015brodku znajdziesz klocek z mi\u0119kkiej lipy oraz ilustrowan\u0105 instrukcj\u0119, kt\u00f3ra krok po kroku poprowadzi Ci\u0119 przez proces rze\u017abienia uroczej figurki kota \u2014 od prostego kszta\u0142tu a\u017c po gotowe dzie\u0142o. <br><strong>Narz\u0119dzia do rze\u017abienia oraz farby do wyko\u0144czenia nie s\u0105 cz\u0119\u015bci\u0105 zestawu.<\/strong><\/p>\n\n\n\n<p class=\"has-text-align-center\">Drukowana instrukcja  + szablon<br>39.99 z\u0142<\/p>\n\n\n\n<div class=\"wp-block-buttons is-content-justification-center is-layout-flex wp-container-core-buttons-is-layout-a89b3969 wp-block-buttons-is-layout-flex\">\n<div class=\"wp-block-button\"><a class=\"wp-block-button__link wp-element-button\" href=\"https:\/\/woodirection.com\/?product=kot-balon-drewno-krotki-poradnik-o-tym-jak-wyrzezbic-kota-z-balonikiem\">Przejd\u017a do sklepu<\/a><\/div>\n<\/div>\n<\/div><figure class=\"wp-block-media-text__media\"><img loading=\"lazy\" decoding=\"async\" width=\"768\" height=\"1024\" src=\"https:\/\/woodirection.com\/wp-content\/uploads\/2026\/02\/1000075004-01-768x1024.jpeg\" alt=\"\" class=\"wp-image-1820 size-full\" srcset=\"https:\/\/woodirection.com\/wp-content\/uploads\/2026\/02\/1000075004-01-768x1024.jpeg 768w, https:\/\/woodirection.com\/wp-content\/uploads\/2026\/02\/1000075004-01-225x300.jpeg 225w, https:\/\/woodirection.com\/wp-content\/uploads\/2026\/02\/1000075004-01-1152x1536.jpeg 1152w, https:\/\/woodirection.com\/wp-content\/uploads\/2026\/02\/1000075004-01-1536x2048.jpeg 1536w, https:\/\/woodirection.com\/wp-content\/uploads\/2026\/02\/1000075004-01-1140x1520.jpeg 1140w, https:\/\/woodirection.com\/wp-content\/uploads\/2026\/02\/1000075004-01-920x1227.jpeg 920w, https:\/\/woodirection.com\/wp-content\/uploads\/2026\/02\/1000075004-01-575x767.jpeg 575w, https:\/\/woodirection.com\/wp-content\/uploads\/2026\/02\/1000075004-01-380x507.jpeg 380w, https:\/\/woodirection.com\/wp-content\/uploads\/2026\/02\/1000075004-01-800x1067.jpeg 800w, https:\/\/woodirection.com\/wp-content\/uploads\/2026\/02\/1000075004-01-scaled.jpeg 1920w\" sizes=\"auto, (max-width: 768px) 100vw, 768px\" \/><\/figure><\/div>\n\n\n\n<div style=\"height:36px\" aria-hidden=\"true\" class=\"wp-block-spacer\"><\/div>\n\n\n\n<div class=\"wp-block-media-text is-stacked-on-mobile is-vertically-aligned-center\" style=\"grid-template-columns:36% auto\"><figure class=\"wp-block-media-text__media\"><img loading=\"lazy\" decoding=\"async\" width=\"1024\" height=\"755\" src=\"https:\/\/woodirection.com\/wp-content\/uploads\/2026\/02\/1000075003-01-1024x755.jpeg\" alt=\"\" class=\"wp-image-1821 size-full\" srcset=\"https:\/\/woodirection.com\/wp-content\/uploads\/2026\/02\/1000075003-01-1024x755.jpeg 1024w, https:\/\/woodirection.com\/wp-content\/uploads\/2026\/02\/1000075003-01-300x221.jpeg 300w, https:\/\/woodirection.com\/wp-content\/uploads\/2026\/02\/1000075003-01-768x566.jpeg 768w, https:\/\/woodirection.com\/wp-content\/uploads\/2026\/02\/1000075003-01-1536x1132.jpeg 1536w, https:\/\/woodirection.com\/wp-content\/uploads\/2026\/02\/1000075003-01-2048x1509.jpeg 2048w, https:\/\/woodirection.com\/wp-content\/uploads\/2026\/02\/1000075003-01-1140x840.jpeg 1140w, https:\/\/woodirection.com\/wp-content\/uploads\/2026\/02\/1000075003-01-920x678.jpeg 920w, https:\/\/woodirection.com\/wp-content\/uploads\/2026\/02\/1000075003-01-575x424.jpeg 575w, https:\/\/woodirection.com\/wp-content\/uploads\/2026\/02\/1000075003-01-380x280.jpeg 380w, https:\/\/woodirection.com\/wp-content\/uploads\/2026\/02\/1000075003-01-800x590.jpeg 800w\" sizes=\"auto, (max-width: 1024px) 100vw, 1024px\" \/><\/figure><div class=\"wp-block-media-text__content\">\n<p class=\"has-small-font-size\">Je\u015bli chcesz zacz\u0105\u0107 przygod\u0119 z rze\u017abieniem, ten zestaw jest w\u0142a\u015bnie dla Ciebie. Nawet bez wcze\u015bniejszego do\u015bwiadczenia poprowadzi Ci\u0119 krok po kroku przez proces rze\u017abienia.<br>W \u015brodku znajdziesz klocek z mi\u0119kkiej lipy, zestaw do malowania oraz ilustrowan\u0105 instrukcj\u0119, kt\u00f3ra krok po kroku poprowadzi Ci\u0119 przez proces rze\u017abienia uroczej figurki kota \u2014 od prostego kszta\u0142tu a\u017c po gotowe dzie\u0142o. <br><strong>Narz\u0119dzia do rze\u017abienia nie s\u0105 cz\u0119\u015bci\u0105 zestawu.<\/strong><\/p>\n\n\n\n<p class=\"has-text-align-center\"> Drewno, drukowana instrukcja<br>49.99 z\u0142<\/p>\n\n\n\n<div class=\"wp-block-buttons is-content-justification-center is-layout-flex wp-container-core-buttons-is-layout-a89b3969 wp-block-buttons-is-layout-flex\">\n<div class=\"wp-block-button\"><a class=\"wp-block-button__link wp-element-button\" href=\"https:\/\/woodirection.com\/?product=kot-balon-drewno-krotki-poradnik-o-tym-jak-wyrzezbic-kota-z-balonikiem-drewno-do-rzezbienia\">Przejd\u017a do sklepu<\/a><\/div>\n<\/div>\n<\/div><\/div>\n\n\n\n<p class=\"has-text-align-center has-larger-font-size\"><\/p>\n\n\n\n<div class=\"wp-block-group alignfull is-content-justification-center\" style=\"margin-top:0;margin-bottom:0;padding-top:calc( 0.5 * var(--wp--style--root--padding-right, var(--wp--custom--gap--horizontal)));padding-right:var(--wp--style--root--padding-right, var(--wp--custom--gap--horizontal));padding-bottom:calc( 0.5 * var(--wp--style--root--padding-right, var(--wp--custom--gap--horizontal)));padding-left:var(--wp--style--root--padding-left, var(--wp--custom--gap--horizontal))\"><div class=\"wp-block-group__inner-container is-layout-constrained wp-container-core-group-is-layout-df757ecc wp-block-group-is-layout-constrained\">\n<div style=\"height:0px\" aria-hidden=\"true\" class=\"wp-block-spacer\"><\/div>\n\n\n\n<div style=\"height:calc( 0.25 * var(--wp--style--root--padding-right, var(--wp--custom--gap--horizontal)))\" aria-hidden=\"true\" class=\"wp-block-spacer\"><\/div>\n<\/div><\/div>\n\n\n\n<div class=\"wp-block-group alignfull is-content-justification-center\" style=\"margin-top:0;margin-bottom:0;padding-top:calc( 0.5 * var(--wp--style--root--padding-right, var(--wp--custom--gap--horizontal)));padding-right:var(--wp--style--root--padding-right, var(--wp--custom--gap--horizontal));padding-bottom:calc( 0.5 * var(--wp--style--root--padding-right, var(--wp--custom--gap--horizontal)));padding-left:var(--wp--style--root--padding-left, var(--wp--custom--gap--horizontal))\"><div class=\"wp-block-group__inner-container is-layout-constrained wp-container-core-group-is-layout-df757ecc wp-block-group-is-layout-constrained\">\n<div style=\"height:calc( 0.25 * var(--wp--style--root--padding-right, var(--wp--custom--gap--horizontal)))\" aria-hidden=\"true\" class=\"wp-block-spacer\"><\/div>\n\n\n\n<div style=\"height:calc( 0.25 * var(--wp--style--root--padding-right, var(--wp--custom--gap--horizontal)))\" aria-hidden=\"true\" class=\"wp-block-spacer\"><\/div>\n<\/div><\/div>\n\n\n\n<p><\/p>\n","protected":false},"excerpt":{"rendered":"<p>Wysy\u0142ka poradnik\u00f3w po 1.03.2026<\/p>\n","protected":false},"author":1,"featured_media":0,"parent":0,"menu_order":0,"comment_status":"closed","ping_status":"closed","template":"","meta":{"_acf_changed":false,"_uag_custom_page_level_css":"","ngg_post_thumbnail":0,"footnotes":""},"class_list":["post-677","page","type-page","status-publish","hentry"],"acf":[],"featured_image_src":null,"uagb_featured_image_src":{"full":false,"thumbnail":false,"medium":false,"medium_large":false,"large":false,"1536x1536":false,"2048x2048":false,"botiga-extra-large":false,"botiga-large":false,"botiga-big":false,"botiga-medium":false,"woocommerce_thumbnail":false,"woocommerce_single":false,"woocommerce_gallery_thumbnail":false},"uagb_author_info":{"display_name":"B.Kaczmarek","author_link":"https:\/\/woodirection.com\/?author=1"},"uagb_comment_info":0,"uagb_excerpt":"Wysy\u0142ka poradnik\u00f3w po 1.03.2026","_links":{"self":[{"href":"https:\/\/woodirection.com\/index.php?rest_route=\/wp\/v2\/pages\/677","targetHints":{"allow":["GET"]}}],"collection":[{"href":"https:\/\/woodirection.com\/index.php?rest_route=\/wp\/v2\/pages"}],"about":[{"href":"https:\/\/woodirection.com\/index.php?rest_route=\/wp\/v2\/types\/page"}],"author":[{"embeddable":true,"href":"https:\/\/woodirection.com\/index.php?rest_route=\/wp\/v2\/users\/1"}],"replies":[{"embeddable":true,"href":"https:\/\/woodirection.com\/index.php?rest_route=%2Fwp%2Fv2%2Fcomments&post=677"}],"version-history":[{"count":167,"href":"https:\/\/woodirection.com\/index.php?rest_route=\/wp\/v2\/pages\/677\/revisions"}],"predecessor-version":[{"id":1857,"href":"https:\/\/woodirection.com\/index.php?rest_route=\/wp\/v2\/pages\/677\/revisions\/1857"}],"wp:attachment":[{"href":"https:\/\/woodirection.com\/index.php?rest_route=%2Fwp%2Fv2%2Fmedia&parent=677"}],"curies":[{"name":"wp","href":"https:\/\/api.w.org\/{rel}","templated":true}]}}