{"id":1278,"date":"2025-04-10T15:03:47","date_gmt":"2025-04-10T15:03:47","guid":{"rendered":"https:\/\/woodirection.com\/?post_type=product&#038;p=1278"},"modified":"2026-03-11T11:54:26","modified_gmt":"2026-03-11T11:54:26","slug":"kot-z-wloczka","status":"publish","type":"product","link":"https:\/\/woodirection.com\/?product=kot-z-wloczka","title":{"rendered":"Kot z w\u0142\u00f3czk\u0105"},"content":{"rendered":"","protected":false},"excerpt":{"rendered":"<ul>\n<li>R\u0119cznie rze\u017abiona figurka z drewna orzecha w\u0142oskiego<\/li>\n<li>Unikalne niepowtarzalne kolory<\/li>\n<\/ul>\n<p>Ta figurka\u00a0 wykonana z najwy\u017csz\u0105 staranno\u015bci\u0105 i precyzj\u0105 . Ka\u017cda z nich jest unikalna i niepowtarzalna, dzi\u0119ki temu, \u017ce zosta\u0142a wykonana w ca\u0142o\u015bci r\u0119cznie.<\/p>\n<p>Drewno orzecha w\u0142oskiego, z kt\u00f3rego zosta\u0142a wyrze\u017abiona, jest materia\u0142em bardzo ekskluzywnym i cenionym za swoj\u0105 wytrzyma\u0142o\u015b\u0107 i elegancki wygl\u0105d.<\/p>\n<p>Je\u015bli szukasz wyj\u0105tkowego przedmiotu, kt\u00f3ry dodaje charakteru Twojemu wn\u0119trzu, ta r\u0119cznie rze\u017abiona figurka jest idealnym wyborem. To pi\u0119kna i trwa\u0142a dekoracja, kt\u00f3ra na pewno przyci\u0105gnie uwag\u0119 Twoich go\u015bci i doda stylu Twojemu pomieszczeniu.<\/p>\n<p>Impregnowana naturalnym olejem lnianym lub tungowym.<\/p>\n<p>Do\u0142\u0105czone podpisane przez autora potwierdzenie r\u0119cznego wykonania<\/p>\n<p>Wymiary : oko\u0142o 8 cm wysoko\u015bci \/ 11 cm d\u0142ugo\u015bci ( ka\u017cda sztuka mo\u017ce r\u00f3\u017cni\u0107 si\u0119 delikatnie wymiarami )<\/p>\n<p><strong>Termin realizacji zam\u00f3wienia ustalony b\u0119dzie indywidualnie drog\u0105 mailow\u0105.\u00a0<\/strong><\/p>\n","protected":false},"featured_media":1279,"template":"","meta":{"_acf_changed":false,"_uag_custom_page_level_css":"","ngg_post_thumbnail":0},"product_brand":[],"product_cat":[17],"product_tag":[],"class_list":{"0":"post-1278","1":"product","2":"type-product","3":"status-publish","4":"has-post-thumbnail","6":"product_cat-rzezby","8":"first","9":"onbackorder","10":"shipping-taxable","11":"purchasable","12":"product-type-simple"},"acf":[],"uagb_featured_image_src":{"full":["https:\/\/woodirection.com\/wp-content\/uploads\/2025\/04\/1000002826-scaled.jpg",2029,2560,false],"thumbnail":["https:\/\/woodirection.com\/wp-content\/uploads\/2025\/04\/1000002826-150x150.jpg",150,150,true],"medium":["https:\/\/woodirection.com\/wp-content\/uploads\/2025\/04\/1000002826-238x300.jpg",238,300,true],"medium_large":["https:\/\/woodirection.com\/wp-content\/uploads\/2025\/04\/1000002826-768x969.jpg",768,969,true],"large":["https:\/\/woodirection.com\/wp-content\/uploads\/2025\/04\/1000002826-811x1024.jpg",811,1024,true],"1536x1536":["https:\/\/woodirection.com\/wp-content\/uploads\/2025\/04\/1000002826-1217x1536.jpg",1217,1536,true],"2048x2048":["https:\/\/woodirection.com\/wp-content\/uploads\/2025\/04\/1000002826-1623x2048.jpg",1623,2048,true],"botiga-extra-large":["https:\/\/woodirection.com\/wp-content\/uploads\/2025\/04\/1000002826-scaled.jpg",1140,1438,false],"botiga-large":["https:\/\/woodirection.com\/wp-content\/uploads\/2025\/04\/1000002826-scaled.jpg",920,1161,false],"botiga-big":["https:\/\/woodirection.com\/wp-content\/uploads\/2025\/04\/1000002826-scaled.jpg",575,725,false],"botiga-medium":["https:\/\/woodirection.com\/wp-content\/uploads\/2025\/04\/1000002826-scaled.jpg",380,479,false],"woocommerce_thumbnail":["https:\/\/woodirection.com\/wp-content\/uploads\/2025\/04\/1000002826-scaled-420x420.jpg",420,420,true],"woocommerce_single":["https:\/\/woodirection.com\/wp-content\/uploads\/2025\/04\/1000002826-scaled-800x1009.jpg",800,1009,true],"woocommerce_gallery_thumbnail":["https:\/\/woodirection.com\/wp-content\/uploads\/2025\/04\/1000002826-scaled-100x100.jpg",100,100,true]},"uagb_author_info":{"display_name":"B.Kaczmarek","author_link":"https:\/\/woodirection.com\/?author=0"},"uagb_comment_info":0,"uagb_excerpt":"R\u0119cznie rze\u017abiona figurka z drewna orzecha w\u0142oskiego Unikalne niepowtarzalne kolory Ta figurka\u00a0 wykonana z najwy\u017csz\u0105 staranno\u015bci\u0105 i precyzj\u0105 . Ka\u017cda z nich jest unikalna i niepowtarzalna, dzi\u0119ki temu, \u017ce zosta\u0142a wykonana w ca\u0142o\u015bci r\u0119cznie. Drewno orzecha w\u0142oskiego, z kt\u00f3rego zosta\u0142a wyrze\u017abiona, jest materia\u0142em bardzo ekskluzywnym i cenionym za swoj\u0105 wytrzyma\u0142o\u015b\u0107 i elegancki wygl\u0105d. Je\u015bli szukasz&hellip;","_links":{"self":[{"href":"https:\/\/woodirection.com\/index.php?rest_route=\/wp\/v2\/product\/1278","targetHints":{"allow":["GET"]}}],"collection":[{"href":"https:\/\/woodirection.com\/index.php?rest_route=\/wp\/v2\/product"}],"about":[{"href":"https:\/\/woodirection.com\/index.php?rest_route=\/wp\/v2\/types\/product"}],"wp:featuredmedia":[{"embeddable":true,"href":"https:\/\/woodirection.com\/index.php?rest_route=\/wp\/v2\/media\/1279"}],"wp:attachment":[{"href":"https:\/\/woodirection.com\/index.php?rest_route=%2Fwp%2Fv2%2Fmedia&parent=1278"}],"wp:term":[{"taxonomy":"product_brand","embeddable":true,"href":"https:\/\/woodirection.com\/index.php?rest_route=%2Fwp%2Fv2%2Fproduct_brand&post=1278"},{"taxonomy":"product_cat","embeddable":true,"href":"https:\/\/woodirection.com\/index.php?rest_route=%2Fwp%2Fv2%2Fproduct_cat&post=1278"},{"taxonomy":"product_tag","embeddable":true,"href":"https:\/\/woodirection.com\/index.php?rest_route=%2Fwp%2Fv2%2Fproduct_tag&post=1278"}],"curies":[{"name":"wp","href":"https:\/\/api.w.org\/{rel}","templated":true}]}}