{"id":1453,"date":"2025-10-18T17:43:01","date_gmt":"2025-10-18T17:43:01","guid":{"rendered":"https:\/\/woodirection.com\/?post_type=product&#038;p=1453"},"modified":"2026-03-11T11:53:24","modified_gmt":"2026-03-11T11:53:24","slug":"mis-w-szaliku-ozdoba-na-choinke","status":"publish","type":"product","link":"https:\/\/woodirection.com\/?product=mis-w-szaliku-ozdoba-na-choinke","title":{"rendered":"Mi\u015b w szaliku &#8211; ozdoba na choink\u0119"},"content":{"rendered":"","protected":false},"excerpt":{"rendered":"<p>R\u0119cznie rze\u017abiona ozdoba choinkowa, kt\u00f3rej ka\u017cdy detal i kszta\u0142t, tworzy\u0142em u\u017cywaj\u0105c tylko najwy\u017cszej jako\u015bci drewna i moich ulubionych r\u0119cznych narz\u0119dzi.<\/p>\n<p>Jest to idealny dodatek dla os\u00f3b, kt\u00f3re doceniaj\u0105 pi\u0119kno natury i kochaj\u0105 indywidualne, r\u0119cznie wykonane przedmioty. Ka\u017cda sztuka jest unikalna, i niepowtarzalna rze\u017abiona z pe\u0142nym zaanga\u017cowaniem i pasj\u0105.<\/p>\n<p>Drewniana ozdoba choinkowa ma prosty, ale elegancki design, a r\u0119cznie rze\u017abione detale dodaj\u0105 niepowtarzalnego charakteru i uroku ka\u017cdej sztuce. J<\/p>\n<p>Ka\u017cda ozdoba, kt\u00f3r\u0105 wykonuj\u0119, jest dla mnie wyzwaniem i staram si\u0119, aby by\u0142a doskona\u0142a pod wzgl\u0119dem jako\u015bci i wygl\u0105du. Nieprzewidywalno\u015b\u0107 natury sprawia, \u017ce kolory ka\u017cdej sztuki s\u0105 inne i unikatowe.<\/p>\n<ul>\n<li>R\u0119cznie rze\u017abiona<\/li>\n<li>Niepowtarzalne ubarwienie<\/li>\n<li>R\u00f3\u017cne gatunki drewna (drewno lipowe)<\/li>\n<li>Wymiary : Oko\u0142o 5.5 cm szeroko\u015bci\/ 7.5 cm wysoko\u015bci<\/li>\n<li>Malowana farbami akrylowymi<\/li>\n<\/ul>\n<h3><strong>Zam\u00f3wienia z\u0142o\u017cone po 15.11.2025 b\u0119d\u0105 realizowane po nowym roku<\/strong><\/h3>\n","protected":false},"featured_media":1454,"template":"","meta":{"_acf_changed":false,"_uag_custom_page_level_css":"","ngg_post_thumbnail":0},"product_brand":[],"product_cat":[19],"product_tag":[],"class_list":{"0":"post-1453","1":"product","2":"type-product","3":"status-publish","4":"has-post-thumbnail","6":"product_cat-bizuteria-z-drewna","8":"first","9":"onbackorder","10":"shipping-taxable","11":"purchasable","12":"product-type-simple"},"acf":[],"uagb_featured_image_src":{"full":["https:\/\/woodirection.com\/wp-content\/uploads\/2025\/10\/1000009952-scaled.jpg",2560,1920,false],"thumbnail":["https:\/\/woodirection.com\/wp-content\/uploads\/2025\/10\/1000009952-150x150.jpg",150,150,true],"medium":["https:\/\/woodirection.com\/wp-content\/uploads\/2025\/10\/1000009952-300x225.jpg",300,225,true],"medium_large":["https:\/\/woodirection.com\/wp-content\/uploads\/2025\/10\/1000009952-768x576.jpg",768,576,true],"large":["https:\/\/woodirection.com\/wp-content\/uploads\/2025\/10\/1000009952-1024x768.jpg",1024,768,true],"1536x1536":["https:\/\/woodirection.com\/wp-content\/uploads\/2025\/10\/1000009952-1536x1152.jpg",1536,1152,true],"2048x2048":["https:\/\/woodirection.com\/wp-content\/uploads\/2025\/10\/1000009952-2048x1536.jpg",2048,1536,true],"botiga-extra-large":["https:\/\/woodirection.com\/wp-content\/uploads\/2025\/10\/1000009952-1140x855.jpg",1140,855,true],"botiga-large":["https:\/\/woodirection.com\/wp-content\/uploads\/2025\/10\/1000009952-920x690.jpg",920,690,true],"botiga-big":["https:\/\/woodirection.com\/wp-content\/uploads\/2025\/10\/1000009952-575x431.jpg",575,431,true],"botiga-medium":["https:\/\/woodirection.com\/wp-content\/uploads\/2025\/10\/1000009952-380x285.jpg",380,285,true],"woocommerce_thumbnail":["https:\/\/woodirection.com\/wp-content\/uploads\/2025\/10\/1000009952-420x420.jpg",420,420,true],"woocommerce_single":["https:\/\/woodirection.com\/wp-content\/uploads\/2025\/10\/1000009952-800x600.jpg",800,600,true],"woocommerce_gallery_thumbnail":["https:\/\/woodirection.com\/wp-content\/uploads\/2025\/10\/1000009952-100x100.jpg",100,100,true]},"uagb_author_info":{"display_name":"B.Kaczmarek","author_link":"https:\/\/woodirection.com\/?author=0"},"uagb_comment_info":0,"uagb_excerpt":"R\u0119cznie rze\u017abiona ozdoba choinkowa, kt\u00f3rej ka\u017cdy detal i kszta\u0142t, tworzy\u0142em u\u017cywaj\u0105c tylko najwy\u017cszej jako\u015bci drewna i moich ulubionych r\u0119cznych narz\u0119dzi. Jest to idealny dodatek dla os\u00f3b, kt\u00f3re doceniaj\u0105 pi\u0119kno natury i kochaj\u0105 indywidualne, r\u0119cznie wykonane przedmioty. Ka\u017cda sztuka jest unikalna, i niepowtarzalna rze\u017abiona z pe\u0142nym zaanga\u017cowaniem i pasj\u0105. Drewniana ozdoba choinkowa ma prosty, ale elegancki&hellip;","_links":{"self":[{"href":"https:\/\/woodirection.com\/index.php?rest_route=\/wp\/v2\/product\/1453","targetHints":{"allow":["GET"]}}],"collection":[{"href":"https:\/\/woodirection.com\/index.php?rest_route=\/wp\/v2\/product"}],"about":[{"href":"https:\/\/woodirection.com\/index.php?rest_route=\/wp\/v2\/types\/product"}],"wp:featuredmedia":[{"embeddable":true,"href":"https:\/\/woodirection.com\/index.php?rest_route=\/wp\/v2\/media\/1454"}],"wp:attachment":[{"href":"https:\/\/woodirection.com\/index.php?rest_route=%2Fwp%2Fv2%2Fmedia&parent=1453"}],"wp:term":[{"taxonomy":"product_brand","embeddable":true,"href":"https:\/\/woodirection.com\/index.php?rest_route=%2Fwp%2Fv2%2Fproduct_brand&post=1453"},{"taxonomy":"product_cat","embeddable":true,"href":"https:\/\/woodirection.com\/index.php?rest_route=%2Fwp%2Fv2%2Fproduct_cat&post=1453"},{"taxonomy":"product_tag","embeddable":true,"href":"https:\/\/woodirection.com\/index.php?rest_route=%2Fwp%2Fv2%2Fproduct_tag&post=1453"}],"curies":[{"name":"wp","href":"https:\/\/api.w.org\/{rel}","templated":true}]}}