{"id":1513,"date":"2025-10-29T19:26:28","date_gmt":"2025-10-29T19:26:28","guid":{"rendered":"https:\/\/woodirection.com\/?post_type=product&#038;p=1513"},"modified":"2026-03-11T11:52:59","modified_gmt":"2026-03-11T11:52:59","slug":"kot-z-kubeczkiem","status":"publish","type":"product","link":"https:\/\/woodirection.com\/?product=kot-z-kubeczkiem","title":{"rendered":"Kot z kubeczkiem"},"content":{"rendered":"","protected":false},"excerpt":{"rendered":"<ul>\n<li>R\u0119cznie rze\u017abiona figurka z drewna czere\u015bni<\/li>\n<li>Unikalne niepowtarzalne kolory<\/li>\n<\/ul>\n<p>Ta figurka\u00a0 wykonana z najwy\u017csz\u0105 staranno\u015bci\u0105 i precyzj\u0105 . Ka\u017cda z nich jest unikalna i niepowtarzalna, dzi\u0119ki temu, \u017ce zosta\u0142a wykonana w ca\u0142o\u015bci r\u0119cznie.<\/p>\n<p>Drewno czere\u015bni, z kt\u00f3rego zosta\u0142a wyrze\u017abiona, jest materia\u0142em bardzo ekskluzywnym i cenionym za swoj\u0105 wytrzyma\u0142o\u015b\u0107 i elegancki wygl\u0105d, a przede wszystkim wyj\u0105tkowe kolory.<\/p>\n<p>Je\u015bli szukasz wyj\u0105tkowego przedmiotu, kt\u00f3ry dodaje charakteru Twojemu wn\u0119trzu, ta r\u0119cznie rze\u017abiona figurka jest idealnym wyborem. To pi\u0119kna i trwa\u0142a dekoracja, kt\u00f3ra na pewno przyci\u0105gnie uwag\u0119 Twoich go\u015bci i doda stylu Twojemu pomieszczeniu.<\/p>\n<p>Impregnowana naturalnym olejem lnianym lub tungowym.<\/p>\n<p>Do\u0142\u0105czone podpisane przez autora potwierdzenie r\u0119cznego wykonania<\/p>\n<p>Wymiary : oko\u0142o 7 cm wysoko\u015bci \/ 8,5 cm d\u0142ugo\u015bci ( ka\u017cda sztuka mo\u017ce r\u00f3\u017cni\u0107 si\u0119 delikatnie wymiarami )<\/p>\n","protected":false},"featured_media":1515,"template":"","meta":{"_acf_changed":false,"_uag_custom_page_level_css":"","ngg_post_thumbnail":0},"product_brand":[],"product_cat":[17],"product_tag":[],"class_list":{"0":"post-1513","1":"product","2":"type-product","3":"status-publish","4":"has-post-thumbnail","6":"product_cat-rzezby","8":"first","9":"onbackorder","10":"sale","11":"shipping-taxable","12":"purchasable","13":"product-type-simple"},"acf":[],"uagb_featured_image_src":{"full":["https:\/\/woodirection.com\/wp-content\/uploads\/2025\/10\/1000010197.jpg",2252,1753,false],"thumbnail":["https:\/\/woodirection.com\/wp-content\/uploads\/2025\/10\/1000010197-150x150.jpg",150,150,true],"medium":["https:\/\/woodirection.com\/wp-content\/uploads\/2025\/10\/1000010197-300x234.jpg",300,234,true],"medium_large":["https:\/\/woodirection.com\/wp-content\/uploads\/2025\/10\/1000010197-768x598.jpg",768,598,true],"large":["https:\/\/woodirection.com\/wp-content\/uploads\/2025\/10\/1000010197-1024x797.jpg",1024,797,true],"1536x1536":["https:\/\/woodirection.com\/wp-content\/uploads\/2025\/10\/1000010197-1536x1196.jpg",1536,1196,true],"2048x2048":["https:\/\/woodirection.com\/wp-content\/uploads\/2025\/10\/1000010197-2048x1594.jpg",2048,1594,true],"botiga-extra-large":["https:\/\/woodirection.com\/wp-content\/uploads\/2025\/10\/1000010197-1140x887.jpg",1140,887,true],"botiga-large":["https:\/\/woodirection.com\/wp-content\/uploads\/2025\/10\/1000010197-920x716.jpg",920,716,true],"botiga-big":["https:\/\/woodirection.com\/wp-content\/uploads\/2025\/10\/1000010197-575x448.jpg",575,448,true],"botiga-medium":["https:\/\/woodirection.com\/wp-content\/uploads\/2025\/10\/1000010197-380x296.jpg",380,296,true],"woocommerce_thumbnail":["https:\/\/woodirection.com\/wp-content\/uploads\/2025\/10\/1000010197-420x420.jpg",420,420,true],"woocommerce_single":["https:\/\/woodirection.com\/wp-content\/uploads\/2025\/10\/1000010197-800x623.jpg",800,623,true],"woocommerce_gallery_thumbnail":["https:\/\/woodirection.com\/wp-content\/uploads\/2025\/10\/1000010197-100x100.jpg",100,100,true]},"uagb_author_info":{"display_name":"B.Kaczmarek","author_link":"https:\/\/woodirection.com\/?author=0"},"uagb_comment_info":0,"uagb_excerpt":"R\u0119cznie rze\u017abiona figurka z drewna czere\u015bni Unikalne niepowtarzalne kolory Ta figurka\u00a0 wykonana z najwy\u017csz\u0105 staranno\u015bci\u0105 i precyzj\u0105 . Ka\u017cda z nich jest unikalna i niepowtarzalna, dzi\u0119ki temu, \u017ce zosta\u0142a wykonana w ca\u0142o\u015bci r\u0119cznie. Drewno czere\u015bni, z kt\u00f3rego zosta\u0142a wyrze\u017abiona, jest materia\u0142em bardzo ekskluzywnym i cenionym za swoj\u0105 wytrzyma\u0142o\u015b\u0107 i elegancki wygl\u0105d, a przede wszystkim wyj\u0105tkowe&hellip;","_links":{"self":[{"href":"https:\/\/woodirection.com\/index.php?rest_route=\/wp\/v2\/product\/1513","targetHints":{"allow":["GET"]}}],"collection":[{"href":"https:\/\/woodirection.com\/index.php?rest_route=\/wp\/v2\/product"}],"about":[{"href":"https:\/\/woodirection.com\/index.php?rest_route=\/wp\/v2\/types\/product"}],"wp:featuredmedia":[{"embeddable":true,"href":"https:\/\/woodirection.com\/index.php?rest_route=\/wp\/v2\/media\/1515"}],"wp:attachment":[{"href":"https:\/\/woodirection.com\/index.php?rest_route=%2Fwp%2Fv2%2Fmedia&parent=1513"}],"wp:term":[{"taxonomy":"product_brand","embeddable":true,"href":"https:\/\/woodirection.com\/index.php?rest_route=%2Fwp%2Fv2%2Fproduct_brand&post=1513"},{"taxonomy":"product_cat","embeddable":true,"href":"https:\/\/woodirection.com\/index.php?rest_route=%2Fwp%2Fv2%2Fproduct_cat&post=1513"},{"taxonomy":"product_tag","embeddable":true,"href":"https:\/\/woodirection.com\/index.php?rest_route=%2Fwp%2Fv2%2Fproduct_tag&post=1513"}],"curies":[{"name":"wp","href":"https:\/\/api.w.org\/{rel}","templated":true}]}}