{"id":1528,"date":"2025-10-31T17:15:38","date_gmt":"2025-10-31T17:15:38","guid":{"rendered":"https:\/\/woodirection.com\/?post_type=product&#038;p=1528"},"modified":"2026-03-11T11:52:51","modified_gmt":"2026-03-11T11:52:51","slug":"rzezba-moj-przyjaciel","status":"publish","type":"product","link":"https:\/\/woodirection.com\/?product=rzezba-moj-przyjaciel","title":{"rendered":"Rze\u017aba &#8211; M\u00f3j przyjaciel"},"content":{"rendered":"","protected":false},"excerpt":{"rendered":"<ul>\n<li>Kot z pojedynczego kawa\u0142ka drewna czere\u015bni<\/li>\n<li>rybka z drewna orzecha w\u0142oskiego<\/li>\n<li>ga\u0142\u0105zka z drewna czeremchy<\/li>\n<li>podstawa z r\u00f3\u017cnych gatunk\u00f3w drewna<\/li>\n<\/ul>\n<p>Ta figurka\u00a0 wykonana z najwy\u017csz\u0105 staranno\u015bci\u0105 i precyzj\u0105 . Ka\u017cda z nich jest unikalna i niepowtarzalna, dzi\u0119ki temu, \u017ce zosta\u0142a wykonana w ca\u0142o\u015bci r\u0119cznie.<\/p>\n<p>Drewno czere\u015bni, z kt\u00f3rego zosta\u0142a wyrze\u017abiona, jest materia\u0142em bardzo ekskluzywnym i cenionym za swoj\u0105 wytrzyma\u0142o\u015b\u0107 i elegancki wygl\u0105d.<\/p>\n<p>Je\u015bli szukasz wyj\u0105tkowego przedmiotu, kt\u00f3ry dodaje charakteru Twojemu wn\u0119trzu, ta r\u0119cznie rze\u017abiona figurka jest idealnym wyborem. To pi\u0119kna i trwa\u0142a dekoracja, kt\u00f3ra na pewno przyci\u0105gnie uwag\u0119 Twoich go\u015bci i doda stylu Twojemu pomieszczeniu.<\/p>\n<p>Impregnowana naturalnym olejem lnianym lub tungowym.<\/p>\n<p>Do\u0142\u0105czone podpisane przez autora potwierdzenie r\u0119cznego wykonania<\/p>\n<p>Wymiary : oko\u0142o 25\u00a0 cm d\u0142ugo\u015bci \/ 25 cm wysoko\u015bci ( ka\u017cda sztuka mo\u017ce r\u00f3\u017cni\u0107 si\u0119 delikatnie wymiarami )<\/p>\n<p><strong>Termin realizacji zam\u00f3wienia ustalony b\u0119dzie indywidualnie drog\u0105 mailow\u0105.\u00a0<\/strong><\/p>\n","protected":false},"featured_media":1529,"template":"","meta":{"_acf_changed":false,"_uag_custom_page_level_css":"","ngg_post_thumbnail":0},"product_brand":[],"product_cat":[17],"product_tag":[],"class_list":{"0":"post-1528","1":"product","2":"type-product","3":"status-publish","4":"has-post-thumbnail","6":"product_cat-rzezby","8":"first","9":"onbackorder","10":"sale","11":"shipping-taxable","12":"purchasable","13":"product-type-simple"},"acf":[],"uagb_featured_image_src":{"full":["https:\/\/woodirection.com\/wp-content\/uploads\/2025\/10\/1000010241.jpg",1344,2048,false],"thumbnail":["https:\/\/woodirection.com\/wp-content\/uploads\/2025\/10\/1000010241-150x150.jpg",150,150,true],"medium":["https:\/\/woodirection.com\/wp-content\/uploads\/2025\/10\/1000010241-197x300.jpg",197,300,true],"medium_large":["https:\/\/woodirection.com\/wp-content\/uploads\/2025\/10\/1000010241-768x1170.jpg",768,1170,true],"large":["https:\/\/woodirection.com\/wp-content\/uploads\/2025\/10\/1000010241-672x1024.jpg",672,1024,true],"1536x1536":["https:\/\/woodirection.com\/wp-content\/uploads\/2025\/10\/1000010241-1008x1536.jpg",1008,1536,true],"2048x2048":["https:\/\/woodirection.com\/wp-content\/uploads\/2025\/10\/1000010241.jpg",1344,2048,false],"botiga-extra-large":["https:\/\/woodirection.com\/wp-content\/uploads\/2025\/10\/1000010241-1140x1737.jpg",1140,1737,true],"botiga-large":["https:\/\/woodirection.com\/wp-content\/uploads\/2025\/10\/1000010241-920x1402.jpg",920,1402,true],"botiga-big":["https:\/\/woodirection.com\/wp-content\/uploads\/2025\/10\/1000010241-575x876.jpg",575,876,true],"botiga-medium":["https:\/\/woodirection.com\/wp-content\/uploads\/2025\/10\/1000010241-380x579.jpg",380,579,true],"woocommerce_thumbnail":["https:\/\/woodirection.com\/wp-content\/uploads\/2025\/10\/1000010241-420x420.jpg",420,420,true],"woocommerce_single":["https:\/\/woodirection.com\/wp-content\/uploads\/2025\/10\/1000010241-800x1219.jpg",800,1219,true],"woocommerce_gallery_thumbnail":["https:\/\/woodirection.com\/wp-content\/uploads\/2025\/10\/1000010241-100x100.jpg",100,100,true]},"uagb_author_info":{"display_name":"B.Kaczmarek","author_link":"https:\/\/woodirection.com\/?author=0"},"uagb_comment_info":0,"uagb_excerpt":"Kot z pojedynczego kawa\u0142ka drewna czere\u015bni rybka z drewna orzecha w\u0142oskiego ga\u0142\u0105zka z drewna czeremchy podstawa z r\u00f3\u017cnych gatunk\u00f3w drewna Ta figurka\u00a0 wykonana z najwy\u017csz\u0105 staranno\u015bci\u0105 i precyzj\u0105 . Ka\u017cda z nich jest unikalna i niepowtarzalna, dzi\u0119ki temu, \u017ce zosta\u0142a wykonana w ca\u0142o\u015bci r\u0119cznie. Drewno czere\u015bni, z kt\u00f3rego zosta\u0142a wyrze\u017abiona, jest materia\u0142em bardzo ekskluzywnym i&hellip;","_links":{"self":[{"href":"https:\/\/woodirection.com\/index.php?rest_route=\/wp\/v2\/product\/1528","targetHints":{"allow":["GET"]}}],"collection":[{"href":"https:\/\/woodirection.com\/index.php?rest_route=\/wp\/v2\/product"}],"about":[{"href":"https:\/\/woodirection.com\/index.php?rest_route=\/wp\/v2\/types\/product"}],"wp:featuredmedia":[{"embeddable":true,"href":"https:\/\/woodirection.com\/index.php?rest_route=\/wp\/v2\/media\/1529"}],"wp:attachment":[{"href":"https:\/\/woodirection.com\/index.php?rest_route=%2Fwp%2Fv2%2Fmedia&parent=1528"}],"wp:term":[{"taxonomy":"product_brand","embeddable":true,"href":"https:\/\/woodirection.com\/index.php?rest_route=%2Fwp%2Fv2%2Fproduct_brand&post=1528"},{"taxonomy":"product_cat","embeddable":true,"href":"https:\/\/woodirection.com\/index.php?rest_route=%2Fwp%2Fv2%2Fproduct_cat&post=1528"},{"taxonomy":"product_tag","embeddable":true,"href":"https:\/\/woodirection.com\/index.php?rest_route=%2Fwp%2Fv2%2Fproduct_tag&post=1528"}],"curies":[{"name":"wp","href":"https:\/\/api.w.org\/{rel}","templated":true}]}}