{"id":1653,"date":"2025-11-18T17:12:31","date_gmt":"2025-11-18T17:12:31","guid":{"rendered":"https:\/\/woodirection.com\/?post_type=product&#038;p=1653"},"modified":"2025-12-09T06:37:18","modified_gmt":"2025-12-09T06:37:18","slug":"zestaw-do-nauki-rzezbienia-wersja-podstawowa-mis-w-szaliku","status":"publish","type":"product","link":"https:\/\/woodirection.com\/?product=zestaw-do-nauki-rzezbienia-wersja-podstawowa-mis-w-szaliku","title":{"rendered":"Zestaw do nauki rze\u017abienia (wersja podstawowa) &#8211; Mi\u015b w szaliku"},"content":{"rendered":"","protected":false},"excerpt":{"rendered":"<p data-start=\"31\" data-end=\"102\"><strong data-start=\"31\" data-end=\"102\">Zestaw do rze\u017abienia \u201eMi\u015b z lipowego drewna\u201d \u2013 od klocka do figurki<\/strong><\/p>\n<p data-start=\"104\" data-end=\"422\">Ten zestaw zosta\u0142 stworzony z my\u015bl\u0105 o osobach, kt\u00f3re chc\u0105 rozpocz\u0105\u0107 swoj\u0105 przygod\u0119 z rze\u017abieniem w drewnie, nawet je\u015bli nigdy wcze\u015bniej nie trzyma\u0142y no\u017ca w r\u0119ku. W \u015brodku znajdziesz klocek z mi\u0119kkiej lipy oraz ilustrowan\u0105 instrukcj\u0119, kt\u00f3ra krok po kroku poprowadzi Ci\u0119 przez proces rze\u017abienia uroczej figurki misia \u2014 od prostego kszta\u0142tu a\u017c po gotowe dzie\u0142o. Do zestawu do\u0142\u0105czono r\u00f3wnie\u017c sznurek i wkr\u0119tk\u0119, dzi\u0119ki kt\u00f3rym uko\u0144czon\u0105 figurk\u0119 mo\u017cesz zawiesi\u0107 lub wyeksponowa\u0107.<br data-start=\"537\" data-end=\"540\" \/><strong data-start=\"540\" data-end=\"617\">Narz\u0119dzia do rze\u017abienia oraz farby do wyko\u0144czenia nie s\u0105 cz\u0119\u015bci\u0105 zestawu.<\/strong><\/p>\n<p data-start=\"424\" data-end=\"452\"><strong data-start=\"424\" data-end=\"452\">W sk\u0142ad zestawu wchodzi:<\/strong><\/p>\n<ul data-start=\"453\" data-end=\"838\">\n<li data-start=\"453\" data-end=\"578\">\n<p data-start=\"455\" data-end=\"578\"><strong data-start=\"455\" data-end=\"484\">Bloczek z drewna lipowego<\/strong> o wymiarach <strong data-start=\"497\" data-end=\"513\">6 \u00d7 9 \u00d7 4 cm<\/strong> \u2013 mi\u0119kki, \u0142atwy w obr\u00f3bce materia\u0142 idealny dla pocz\u0105tkuj\u0105cych.<\/p>\n<\/li>\n<li data-start=\"579\" data-end=\"703\">\n<p data-start=\"581\" data-end=\"703\"><strong data-start=\"581\" data-end=\"605\">Drukowana instrukcja<\/strong> z czytelnymi wskaz\u00f3wkami oraz <strong data-start=\"636\" data-end=\"655\">szablonem misia<\/strong>, kt\u00f3ry poprowadzi Ci\u0119 przez ka\u017cdy etap pracy.<\/p>\n<\/li>\n<li data-start=\"704\" data-end=\"838\">\n<p data-start=\"706\" data-end=\"838\"><strong data-start=\"706\" data-end=\"734\">Wkr\u0119tka i jutowy sznurek<\/strong>, dzi\u0119ki kt\u00f3rym gotowego misia mo\u017cesz zawiesi\u0107 na choince jako wyj\u0105tkow\u0105, w\u0142asnor\u0119cznie wykonan\u0105 ozdob\u0119.<\/p>\n<\/li>\n<\/ul>\n<p data-start=\"840\" data-end=\"880\"><strong data-start=\"840\" data-end=\"880\">Czego nauczysz si\u0119 dzi\u0119ki zestawowi?<\/strong><\/p>\n<ul data-start=\"881\" data-end=\"1099\">\n<li data-start=\"881\" data-end=\"930\">\n<p data-start=\"883\" data-end=\"930\">Bezpiecznego i poprawnego trzymania narz\u0119dzi.<\/p>\n<\/li>\n<li data-start=\"931\" data-end=\"977\">\n<p data-start=\"933\" data-end=\"977\">Podstawowych technik rze\u017abienia w drewnie.<\/p>\n<\/li>\n<li data-start=\"978\" data-end=\"1021\">\n<p data-start=\"980\" data-end=\"1021\">Nadawania kszta\u0142tu i proporcji figurce.<\/p>\n<\/li>\n<li data-start=\"1022\" data-end=\"1099\">\n<p data-start=\"1024\" data-end=\"1099\">Wyka\u0144czania pracy tak, aby Tw\u00f3j mi\u015b prezentowa\u0142 si\u0119 estetycznie i solidnie.<\/p>\n<\/li>\n<\/ul>\n<p>Aby wyrze\u017abi\u0107 misia wystarczy jeden z dost\u0119pnych na rynku no\u017cy snycerskich, np. Morakniv 120.<\/p>\n<h3><strong>Zestaw nie zawiera gotowej figurki misia<\/strong><\/h3>\n<ul data-start=\"881\" data-end=\"1099\">\n<li data-start=\"1022\" data-end=\"1099\">\n<h1><strong>Wysy\u0142ka po 15 grudnia 2025<\/strong><\/h1>\n<\/li>\n<\/ul>\n","protected":false},"featured_media":1654,"template":"","meta":{"_acf_changed":false,"_uag_custom_page_level_css":"","ngg_post_thumbnail":0},"product_brand":[],"product_cat":[19],"product_tag":[],"class_list":{"0":"post-1653","1":"product","2":"type-product","3":"status-publish","4":"has-post-thumbnail","6":"product_cat-bizuteria-z-drewna","8":"first","9":"outofstock","10":"shipping-taxable","11":"purchasable","12":"product-type-simple"},"acf":[],"uagb_featured_image_src":{"full":["https:\/\/woodirection.com\/wp-content\/uploads\/2025\/11\/1000010593-scaled.jpg",2467,2560,false],"thumbnail":["https:\/\/woodirection.com\/wp-content\/uploads\/2025\/11\/1000010593-150x150.jpg",150,150,true],"medium":["https:\/\/woodirection.com\/wp-content\/uploads\/2025\/11\/1000010593-289x300.jpg",289,300,true],"medium_large":["https:\/\/woodirection.com\/wp-content\/uploads\/2025\/11\/1000010593-768x797.jpg",768,797,true],"large":["https:\/\/woodirection.com\/wp-content\/uploads\/2025\/11\/1000010593-987x1024.jpg",987,1024,true],"1536x1536":["https:\/\/woodirection.com\/wp-content\/uploads\/2025\/11\/1000010593-1480x1536.jpg",1480,1536,true],"2048x2048":["https:\/\/woodirection.com\/wp-content\/uploads\/2025\/11\/1000010593-1973x2048.jpg",1973,2048,true],"botiga-extra-large":["https:\/\/woodirection.com\/wp-content\/uploads\/2025\/11\/1000010593-1140x1183.jpg",1140,1183,true],"botiga-large":["https:\/\/woodirection.com\/wp-content\/uploads\/2025\/11\/1000010593-920x955.jpg",920,955,true],"botiga-big":["https:\/\/woodirection.com\/wp-content\/uploads\/2025\/11\/1000010593-575x597.jpg",575,597,true],"botiga-medium":["https:\/\/woodirection.com\/wp-content\/uploads\/2025\/11\/1000010593-380x394.jpg",380,394,true],"woocommerce_thumbnail":["https:\/\/woodirection.com\/wp-content\/uploads\/2025\/11\/1000010593-420x420.jpg",420,420,true],"woocommerce_single":["https:\/\/woodirection.com\/wp-content\/uploads\/2025\/11\/1000010593-800x830.jpg",800,830,true],"woocommerce_gallery_thumbnail":["https:\/\/woodirection.com\/wp-content\/uploads\/2025\/11\/1000010593-100x100.jpg",100,100,true]},"uagb_author_info":{"display_name":"B.Kaczmarek","author_link":"https:\/\/woodirection.com\/?author=0"},"uagb_comment_info":0,"uagb_excerpt":"Zestaw do rze\u017abienia \u201eMi\u015b z lipowego drewna\u201d \u2013 od klocka do figurki Ten zestaw zosta\u0142 stworzony z my\u015bl\u0105 o osobach, kt\u00f3re chc\u0105 rozpocz\u0105\u0107 swoj\u0105 przygod\u0119 z rze\u017abieniem w drewnie, nawet je\u015bli nigdy wcze\u015bniej nie trzyma\u0142y no\u017ca w r\u0119ku. W \u015brodku znajdziesz klocek z mi\u0119kkiej lipy oraz ilustrowan\u0105 instrukcj\u0119, kt\u00f3ra krok po kroku poprowadzi Ci\u0119 przez&hellip;","_links":{"self":[{"href":"https:\/\/woodirection.com\/index.php?rest_route=\/wp\/v2\/product\/1653","targetHints":{"allow":["GET"]}}],"collection":[{"href":"https:\/\/woodirection.com\/index.php?rest_route=\/wp\/v2\/product"}],"about":[{"href":"https:\/\/woodirection.com\/index.php?rest_route=\/wp\/v2\/types\/product"}],"wp:featuredmedia":[{"embeddable":true,"href":"https:\/\/woodirection.com\/index.php?rest_route=\/wp\/v2\/media\/1654"}],"wp:attachment":[{"href":"https:\/\/woodirection.com\/index.php?rest_route=%2Fwp%2Fv2%2Fmedia&parent=1653"}],"wp:term":[{"taxonomy":"product_brand","embeddable":true,"href":"https:\/\/woodirection.com\/index.php?rest_route=%2Fwp%2Fv2%2Fproduct_brand&post=1653"},{"taxonomy":"product_cat","embeddable":true,"href":"https:\/\/woodirection.com\/index.php?rest_route=%2Fwp%2Fv2%2Fproduct_cat&post=1653"},{"taxonomy":"product_tag","embeddable":true,"href":"https:\/\/woodirection.com\/index.php?rest_route=%2Fwp%2Fv2%2Fproduct_tag&post=1653"}],"curies":[{"name":"wp","href":"https:\/\/api.w.org\/{rel}","templated":true}]}}