{"id":1657,"date":"2025-11-18T17:22:05","date_gmt":"2025-11-18T17:22:05","guid":{"rendered":"https:\/\/woodirection.com\/?post_type=product&#038;p=1657"},"modified":"2026-01-18T13:13:36","modified_gmt":"2026-01-18T13:13:36","slug":"zestaw-do-nauki-rzezbienia-wersja-premium-mis-w-szaliku","status":"publish","type":"product","link":"https:\/\/woodirection.com\/?product=zestaw-do-nauki-rzezbienia-wersja-premium-mis-w-szaliku","title":{"rendered":"Zestaw do nauki rze\u017abienia (wersja premium) &#8211; Mi\u015b w szaliku"},"content":{"rendered":"","protected":false},"excerpt":{"rendered":"<p data-start=\"31\" data-end=\"102\"><strong data-start=\"31\" data-end=\"102\">Zestaw do rze\u017abienia \u201eMi\u015b z lipowego drewna\u201d \u2013 od klocka do figurki<\/strong><\/p>\n<p data-start=\"104\" data-end=\"422\">Ten zestaw to idealny start dla wszystkich, kt\u00f3rzy chc\u0105 odkry\u0107 rado\u015b\u0107 rze\u017abienia w drewnie \u2013 nawet je\u015bli nigdy wcze\u015bniej nie trzymali no\u017ca w r\u0119ku. W \u015brodku znajdziesz wszystko, co potrzebne, by zamieni\u0107 prosty klocek drewna w uroczego misia, ucz\u0105c si\u0119 krok po kroku ka\u017cdego etapu tworzenia.<\/p>\n<p data-start=\"424\" data-end=\"452\"><strong data-start=\"424\" data-end=\"452\">W sk\u0142ad zestawu wchodzi:<\/strong><\/p>\n<ul data-start=\"453\" data-end=\"838\">\n<li data-start=\"453\" data-end=\"578\">\n<p data-start=\"455\" data-end=\"578\"><strong data-start=\"455\" data-end=\"484\">Bloczek z drewna lipowego<\/strong> o wymiarach <strong data-start=\"497\" data-end=\"513\">6 \u00d7 9 \u00d7 4 cm<\/strong> \u2013 mi\u0119kki, \u0142atwy w obr\u00f3bce materia\u0142 idealny dla pocz\u0105tkuj\u0105cych.<\/p>\n<\/li>\n<li data-start=\"579\" data-end=\"703\">\n<p data-start=\"581\" data-end=\"703\"><strong data-start=\"581\" data-end=\"605\">Drukowana instrukcja<\/strong> z czytelnymi wskaz\u00f3wkami oraz <strong data-start=\"636\" data-end=\"655\">szablonem misia<\/strong>, kt\u00f3ry poprowadzi Ci\u0119 przez ka\u017cdy etap pracy.<\/p>\n<\/li>\n<li data-start=\"704\" data-end=\"838\">\n<p data-start=\"706\" data-end=\"838\"><strong data-start=\"706\" data-end=\"734\">Wkr\u0119tka i jutowy sznurek<\/strong>, dzi\u0119ki kt\u00f3rym gotowego misia mo\u017cesz zawiesi\u0107 na choince jako wyj\u0105tkow\u0105, w\u0142asnor\u0119cznie wykonan\u0105 ozdob\u0119.<\/p>\n<\/li>\n<li data-start=\"704\" data-end=\"838\">\n<p data-start=\"706\" data-end=\"838\"><strong data-start=\"706\" data-end=\"734\">Zestaw 3 p\u0119dzli i 4 farby (5 ml) <\/strong>, dzi\u0119ki kt\u00f3rym pomalujesz gotowego misia.<\/p>\n<\/li>\n<li data-start=\"704\" data-end=\"838\"><strong data-start=\"706\" data-end=\"734\">N\u00f3\u017c Morakniv 120 &#8211;\u00a0<\/strong>dzi\u0119ki kt\u00f3remu natychmiast zabierzesz si\u0119 do tworzenia ( Z uwagi na obecno\u015b\u0107 no\u017cyka do rze\u017abienia, u\u017cytkowanie przez osoby niepe\u0142noletnie powinno odbywa\u0107 si\u0119 wy\u0142\u0105cznie pod nadzorem osoby doros\u0142ej)<\/li>\n<\/ul>\n<p data-start=\"840\" data-end=\"880\"><strong data-start=\"840\" data-end=\"880\">Czego nauczysz si\u0119 dzi\u0119ki zestawowi?<\/strong><\/p>\n<ul data-start=\"881\" data-end=\"1099\">\n<li data-start=\"881\" data-end=\"930\">\n<p data-start=\"883\" data-end=\"930\">Bezpiecznego i poprawnego trzymania narz\u0119dzi.<\/p>\n<\/li>\n<li data-start=\"931\" data-end=\"977\">\n<p data-start=\"933\" data-end=\"977\">Podstawowych technik rze\u017abienia w drewnie.<\/p>\n<\/li>\n<li data-start=\"978\" data-end=\"1021\">\n<p data-start=\"980\" data-end=\"1021\">Nadawania kszta\u0142tu i proporcji figurce.<\/p>\n<\/li>\n<li data-start=\"1022\" data-end=\"1099\">\n<p data-start=\"1024\" data-end=\"1099\">Wyka\u0144czania pracy tak, aby Tw\u00f3j mi\u015b prezentowa\u0142 si\u0119 estetycznie i solidnie.<\/p>\n<\/li>\n<\/ul>\n<h3><strong>Zestaw nie zawiera gotowej figurki misia<\/strong><\/h3>\n<h1><strong>Wysy\u0142ka po 15 grudnia 2025<\/strong><\/h1>\n","protected":false},"featured_media":1659,"template":"","meta":{"_acf_changed":false,"_uag_custom_page_level_css":"","ngg_post_thumbnail":0},"product_brand":[],"product_cat":[19],"product_tag":[],"class_list":{"0":"post-1657","1":"product","2":"type-product","3":"status-publish","4":"has-post-thumbnail","6":"product_cat-bizuteria-z-drewna","8":"first","9":"outofstock","10":"shipping-taxable","11":"purchasable","12":"product-type-simple"},"acf":[],"uagb_featured_image_src":{"full":["https:\/\/woodirection.com\/wp-content\/uploads\/2025\/11\/1000010594-scaled.jpg",2560,2447,false],"thumbnail":["https:\/\/woodirection.com\/wp-content\/uploads\/2025\/11\/1000010594-150x150.jpg",150,150,true],"medium":["https:\/\/woodirection.com\/wp-content\/uploads\/2025\/11\/1000010594-300x287.jpg",300,287,true],"medium_large":["https:\/\/woodirection.com\/wp-content\/uploads\/2025\/11\/1000010594-768x734.jpg",768,734,true],"large":["https:\/\/woodirection.com\/wp-content\/uploads\/2025\/11\/1000010594-1024x979.jpg",1024,979,true],"1536x1536":["https:\/\/woodirection.com\/wp-content\/uploads\/2025\/11\/1000010594-1536x1468.jpg",1536,1468,true],"2048x2048":["https:\/\/woodirection.com\/wp-content\/uploads\/2025\/11\/1000010594-2048x1958.jpg",2048,1958,true],"botiga-extra-large":["https:\/\/woodirection.com\/wp-content\/uploads\/2025\/11\/1000010594-1140x1090.jpg",1140,1090,true],"botiga-large":["https:\/\/woodirection.com\/wp-content\/uploads\/2025\/11\/1000010594-920x879.jpg",920,879,true],"botiga-big":["https:\/\/woodirection.com\/wp-content\/uploads\/2025\/11\/1000010594-575x550.jpg",575,550,true],"botiga-medium":["https:\/\/woodirection.com\/wp-content\/uploads\/2025\/11\/1000010594-380x363.jpg",380,363,true],"woocommerce_thumbnail":["https:\/\/woodirection.com\/wp-content\/uploads\/2025\/11\/1000010594-420x420.jpg",420,420,true],"woocommerce_single":["https:\/\/woodirection.com\/wp-content\/uploads\/2025\/11\/1000010594-800x765.jpg",800,765,true],"woocommerce_gallery_thumbnail":["https:\/\/woodirection.com\/wp-content\/uploads\/2025\/11\/1000010594-100x100.jpg",100,100,true]},"uagb_author_info":{"display_name":"B.Kaczmarek","author_link":"https:\/\/woodirection.com\/?author=0"},"uagb_comment_info":0,"uagb_excerpt":"Zestaw do rze\u017abienia \u201eMi\u015b z lipowego drewna\u201d \u2013 od klocka do figurki Ten zestaw to idealny start dla wszystkich, kt\u00f3rzy chc\u0105 odkry\u0107 rado\u015b\u0107 rze\u017abienia w drewnie \u2013 nawet je\u015bli nigdy wcze\u015bniej nie trzymali no\u017ca w r\u0119ku. W \u015brodku znajdziesz wszystko, co potrzebne, by zamieni\u0107 prosty klocek drewna w uroczego misia, ucz\u0105c si\u0119 krok po kroku&hellip;","_links":{"self":[{"href":"https:\/\/woodirection.com\/index.php?rest_route=\/wp\/v2\/product\/1657","targetHints":{"allow":["GET"]}}],"collection":[{"href":"https:\/\/woodirection.com\/index.php?rest_route=\/wp\/v2\/product"}],"about":[{"href":"https:\/\/woodirection.com\/index.php?rest_route=\/wp\/v2\/types\/product"}],"wp:featuredmedia":[{"embeddable":true,"href":"https:\/\/woodirection.com\/index.php?rest_route=\/wp\/v2\/media\/1659"}],"wp:attachment":[{"href":"https:\/\/woodirection.com\/index.php?rest_route=%2Fwp%2Fv2%2Fmedia&parent=1657"}],"wp:term":[{"taxonomy":"product_brand","embeddable":true,"href":"https:\/\/woodirection.com\/index.php?rest_route=%2Fwp%2Fv2%2Fproduct_brand&post=1657"},{"taxonomy":"product_cat","embeddable":true,"href":"https:\/\/woodirection.com\/index.php?rest_route=%2Fwp%2Fv2%2Fproduct_cat&post=1657"},{"taxonomy":"product_tag","embeddable":true,"href":"https:\/\/woodirection.com\/index.php?rest_route=%2Fwp%2Fv2%2Fproduct_tag&post=1657"}],"curies":[{"name":"wp","href":"https:\/\/api.w.org\/{rel}","templated":true}]}}