{"id":185,"date":"2023-04-20T12:12:04","date_gmt":"2023-04-20T12:12:04","guid":{"rendered":"https:\/\/woodirection.com\/?post_type=product&#038;p=185"},"modified":"2026-01-29T15:03:28","modified_gmt":"2026-01-29T15:03:28","slug":"zawieszka-motyl-kopia","status":"publish","type":"product","link":"https:\/\/woodirection.com\/?product=zawieszka-motyl-kopia","title":{"rendered":"Zawieszka &#8222;Jele\u0144&#8221;"},"content":{"rendered":"","protected":false},"excerpt":{"rendered":"<p>R\u0119cznie rze\u017abiona zawieszka, kt\u00f3rej ka\u017cdy detal i kszta\u0142t, tworzy\u0142em u\u017cywaj\u0105c tylko najwy\u017cszej jako\u015bci drewna i moich ulubionych r\u0119cznych narz\u0119dzi.<\/p>\n<p>Jest to idealny dodatek dla os\u00f3b, kt\u00f3re doceniaj\u0105 pi\u0119kno natury i kochaj\u0105 indywidualne, r\u0119cznie wykonane przedmioty. Ka\u017cda sztuka jest unikalna, i niepowtarzalna rze\u017abiona z pe\u0142nym zaanga\u017cowaniem i pasj\u0105.<\/p>\n<p>Drewniana zawieszka na szyj\u0119 ma prosty, ale elegancki design, a r\u0119cznie rze\u017abione detale dodaj\u0105 niepowtarzalnego charakteru i uroku ka\u017cdej sztuce. Jest to tak\u017ce wygodny i praktyczny element garderoby, kt\u00f3ry mo\u017cesz nosi\u0107 przez ca\u0142y dzie\u0144, nie czuj\u0105c dyskomfortu.<\/p>\n<p>Ka\u017cda zawieszka, kt\u00f3r\u0105 wykonuj\u0119, jest dla mnie wyzwaniem i staram si\u0119, aby by\u0142a doskona\u0142a pod wzgl\u0119dem jako\u015bci i wygl\u0105du. Nieprzewidywalno\u015b\u0107 natury sprawia, \u017ce kolory ka\u017cdej sztuki s\u0105 inne i unikatowe.<\/p>\n<ul>\n<li>R\u0119cznie rze\u017abiona<\/li>\n<li>Niepowtarzalne ubarwienie<\/li>\n<li>R\u00f3\u017cne gatunki drewna ( Czere\u015bnia, orzech w\u0142oski )<\/li>\n<li>Wymiary : Oko\u0142o 3 cm szeroko\u015bci\/ 5 cm wysoko\u015bci<\/li>\n<\/ul>\n","protected":false},"featured_media":1497,"template":"","meta":{"_acf_changed":false,"_uag_custom_page_level_css":"","ngg_post_thumbnail":0},"product_brand":[],"product_cat":[19],"product_tag":[],"class_list":{"0":"post-185","1":"product","2":"type-product","3":"status-publish","4":"has-post-thumbnail","6":"product_cat-bizuteria-z-drewna","8":"first","9":"onbackorder","10":"shipping-taxable","11":"purchasable","12":"product-type-simple"},"acf":[],"uagb_featured_image_src":{"full":["https:\/\/woodirection.com\/wp-content\/uploads\/2023\/04\/1761233394129-scaled.jpg",2560,2144,false],"thumbnail":["https:\/\/woodirection.com\/wp-content\/uploads\/2023\/04\/1761233394129-150x150.jpg",150,150,true],"medium":["https:\/\/woodirection.com\/wp-content\/uploads\/2023\/04\/1761233394129-300x251.jpg",300,251,true],"medium_large":["https:\/\/woodirection.com\/wp-content\/uploads\/2023\/04\/1761233394129-768x643.jpg",768,643,true],"large":["https:\/\/woodirection.com\/wp-content\/uploads\/2023\/04\/1761233394129-1024x858.jpg",1024,858,true],"1536x1536":["https:\/\/woodirection.com\/wp-content\/uploads\/2023\/04\/1761233394129-1536x1286.jpg",1536,1286,true],"2048x2048":["https:\/\/woodirection.com\/wp-content\/uploads\/2023\/04\/1761233394129-2048x1715.jpg",2048,1715,true],"botiga-extra-large":["https:\/\/woodirection.com\/wp-content\/uploads\/2023\/04\/1761233394129-1140x955.jpg",1140,955,true],"botiga-large":["https:\/\/woodirection.com\/wp-content\/uploads\/2023\/04\/1761233394129-920x771.jpg",920,771,true],"botiga-big":["https:\/\/woodirection.com\/wp-content\/uploads\/2023\/04\/1761233394129-575x482.jpg",575,482,true],"botiga-medium":["https:\/\/woodirection.com\/wp-content\/uploads\/2023\/04\/1761233394129-380x318.jpg",380,318,true],"woocommerce_thumbnail":["https:\/\/woodirection.com\/wp-content\/uploads\/2023\/04\/1761233394129-420x420.jpg",420,420,true],"woocommerce_single":["https:\/\/woodirection.com\/wp-content\/uploads\/2023\/04\/1761233394129-800x670.jpg",800,670,true],"woocommerce_gallery_thumbnail":["https:\/\/woodirection.com\/wp-content\/uploads\/2023\/04\/1761233394129-100x100.jpg",100,100,true]},"uagb_author_info":{"display_name":"B.Kaczmarek","author_link":"https:\/\/woodirection.com\/?author=0"},"uagb_comment_info":0,"uagb_excerpt":"R\u0119cznie rze\u017abiona zawieszka, kt\u00f3rej ka\u017cdy detal i kszta\u0142t, tworzy\u0142em u\u017cywaj\u0105c tylko najwy\u017cszej jako\u015bci drewna i moich ulubionych r\u0119cznych narz\u0119dzi. Jest to idealny dodatek dla os\u00f3b, kt\u00f3re doceniaj\u0105 pi\u0119kno natury i kochaj\u0105 indywidualne, r\u0119cznie wykonane przedmioty. Ka\u017cda sztuka jest unikalna, i niepowtarzalna rze\u017abiona z pe\u0142nym zaanga\u017cowaniem i pasj\u0105. Drewniana zawieszka na szyj\u0119 ma prosty, ale elegancki&hellip;","_links":{"self":[{"href":"https:\/\/woodirection.com\/index.php?rest_route=\/wp\/v2\/product\/185","targetHints":{"allow":["GET"]}}],"collection":[{"href":"https:\/\/woodirection.com\/index.php?rest_route=\/wp\/v2\/product"}],"about":[{"href":"https:\/\/woodirection.com\/index.php?rest_route=\/wp\/v2\/types\/product"}],"wp:featuredmedia":[{"embeddable":true,"href":"https:\/\/woodirection.com\/index.php?rest_route=\/wp\/v2\/media\/1497"}],"wp:attachment":[{"href":"https:\/\/woodirection.com\/index.php?rest_route=%2Fwp%2Fv2%2Fmedia&parent=185"}],"wp:term":[{"taxonomy":"product_brand","embeddable":true,"href":"https:\/\/woodirection.com\/index.php?rest_route=%2Fwp%2Fv2%2Fproduct_brand&post=185"},{"taxonomy":"product_cat","embeddable":true,"href":"https:\/\/woodirection.com\/index.php?rest_route=%2Fwp%2Fv2%2Fproduct_cat&post=185"},{"taxonomy":"product_tag","embeddable":true,"href":"https:\/\/woodirection.com\/index.php?rest_route=%2Fwp%2Fv2%2Fproduct_tag&post=185"}],"curies":[{"name":"wp","href":"https:\/\/api.w.org\/{rel}","templated":true}]}}