{"id":1852,"date":"2026-02-23T19:44:14","date_gmt":"2026-02-23T19:44:14","guid":{"rendered":"https:\/\/woodirection.com\/?post_type=product&#038;p=1852"},"modified":"2026-03-11T11:51:38","modified_gmt":"2026-03-11T11:51:38","slug":"polujacy-kot","status":"publish","type":"product","link":"https:\/\/woodirection.com\/?product=polujacy-kot","title":{"rendered":"Poluj\u0105cy kot"},"content":{"rendered":"","protected":false},"excerpt":{"rendered":"<ul>\n<li>R\u0119cznie rze\u017abiona figurka z drewna orzecha w\u0142oskiego<\/li>\n<li>Unikalne niepowtarzalne kolory<\/li>\n<\/ul>\n<p>Ta figurka&nbsp; wykonana z najwy\u017csz\u0105 staranno\u015bci\u0105 i precyzj\u0105 . Ka\u017cda z nich jest unikalna i niepowtarzalna, dzi\u0119ki temu, \u017ce zosta\u0142a wykonana w ca\u0142o\u015bci r\u0119cznie.<\/p>\n<p>Drewno orzecha w\u0142oskiego, z kt\u00f3rego zosta\u0142a wyrze\u017abiona, jest materia\u0142em bardzo ekskluzywnym i cenionym za swoj\u0105 wytrzyma\u0142o\u015b\u0107 i elegancki wygl\u0105d.<\/p>\n<p>Je\u015bli szukasz wyj\u0105tkowego przedmiotu, kt\u00f3ry dodaje charakteru Twojemu wn\u0119trzu, ta r\u0119cznie rze\u017abiona figurka jest idealnym wyborem. To pi\u0119kna i trwa\u0142a dekoracja, kt\u00f3ra na pewno przyci\u0105gnie uwag\u0119 Twoich go\u015bci i doda stylu Twojemu pomieszczeniu.<\/p>\n<p>Impregnowana naturalnym olejem lnianym lub tungowym.<\/p>\n<p>Do\u0142\u0105czone podpisane przez autora potwierdzenie r\u0119cznego wykonania<\/p>\n<p>Wymiary : oko\u0142o 8 cm wysoko\u015bci \/ 10 cm d\u0142ugo\u015bci ( ka\u017cda sztuka mo\u017ce r\u00f3\u017cni\u0107 si\u0119 delikatnie wymiarami )<\/p>\n<p><strong>Termin realizacji zam\u00f3wienia ustalony b\u0119dzie indywidualnie drog\u0105 mailow\u0105.&nbsp;<\/strong><\/p>\n","protected":false},"featured_media":62,"template":"","meta":{"_acf_changed":false,"_uag_custom_page_level_css":"","ngg_post_thumbnail":0},"product_brand":[],"product_cat":[17],"product_tag":[],"class_list":{"0":"post-1852","1":"product","2":"type-product","3":"status-publish","4":"has-post-thumbnail","6":"product_cat-rzezby","8":"first","9":"onbackorder","10":"sale","11":"shipping-taxable","12":"purchasable","13":"product-type-simple"},"acf":[],"uagb_featured_image_src":{"full":["https:\/\/woodirection.com\/wp-content\/uploads\/2023\/04\/IMG_20230109_183404-01-scaled.jpg",1681,2560,false],"thumbnail":["https:\/\/woodirection.com\/wp-content\/uploads\/2023\/04\/IMG_20230109_183404-01-150x150.jpg",150,150,true],"medium":["https:\/\/woodirection.com\/wp-content\/uploads\/2023\/04\/IMG_20230109_183404-01-197x300.jpg",197,300,true],"medium_large":["https:\/\/woodirection.com\/wp-content\/uploads\/2023\/04\/IMG_20230109_183404-01-768x1169.jpg",768,1169,true],"large":["https:\/\/woodirection.com\/wp-content\/uploads\/2023\/04\/IMG_20230109_183404-01-673x1024.jpg",673,1024,true],"1536x1536":["https:\/\/woodirection.com\/wp-content\/uploads\/2023\/04\/IMG_20230109_183404-01-1009x1536.jpg",1009,1536,true],"2048x2048":["https:\/\/woodirection.com\/wp-content\/uploads\/2023\/04\/IMG_20230109_183404-01-1345x2048.jpg",1345,2048,true],"botiga-extra-large":["https:\/\/woodirection.com\/wp-content\/uploads\/2023\/04\/IMG_20230109_183404-01-1140x1736.jpg",1140,1736,true],"botiga-large":["https:\/\/woodirection.com\/wp-content\/uploads\/2023\/04\/IMG_20230109_183404-01-920x1401.jpg",920,1401,true],"botiga-big":["https:\/\/woodirection.com\/wp-content\/uploads\/2023\/04\/IMG_20230109_183404-01-575x876.jpg",575,876,true],"botiga-medium":["https:\/\/woodirection.com\/wp-content\/uploads\/2023\/04\/IMG_20230109_183404-01-380x579.jpg",380,579,true],"woocommerce_thumbnail":["https:\/\/woodirection.com\/wp-content\/uploads\/2023\/04\/IMG_20230109_183404-01-scaled-420x420.jpg",420,420,true],"woocommerce_single":["https:\/\/woodirection.com\/wp-content\/uploads\/2023\/04\/IMG_20230109_183404-01-scaled-800x1218.jpg",800,1218,true],"woocommerce_gallery_thumbnail":["https:\/\/woodirection.com\/wp-content\/uploads\/2023\/04\/IMG_20230109_183404-01-scaled-100x100.jpg",100,100,true]},"uagb_author_info":{"display_name":"B.Kaczmarek","author_link":"https:\/\/woodirection.com\/?author=0"},"uagb_comment_info":0,"uagb_excerpt":"R\u0119cznie rze\u017abiona figurka z drewna orzecha w\u0142oskiego Unikalne niepowtarzalne kolory Ta figurka&nbsp; wykonana z najwy\u017csz\u0105 staranno\u015bci\u0105 i precyzj\u0105 . Ka\u017cda z nich jest unikalna i niepowtarzalna, dzi\u0119ki temu, \u017ce zosta\u0142a wykonana w ca\u0142o\u015bci r\u0119cznie. Drewno orzecha w\u0142oskiego, z kt\u00f3rego zosta\u0142a wyrze\u017abiona, jest materia\u0142em bardzo ekskluzywnym i cenionym za swoj\u0105 wytrzyma\u0142o\u015b\u0107 i elegancki wygl\u0105d. Je\u015bli szukasz&hellip;","_links":{"self":[{"href":"https:\/\/woodirection.com\/index.php?rest_route=\/wp\/v2\/product\/1852","targetHints":{"allow":["GET"]}}],"collection":[{"href":"https:\/\/woodirection.com\/index.php?rest_route=\/wp\/v2\/product"}],"about":[{"href":"https:\/\/woodirection.com\/index.php?rest_route=\/wp\/v2\/types\/product"}],"wp:featuredmedia":[{"embeddable":true,"href":"https:\/\/woodirection.com\/index.php?rest_route=\/wp\/v2\/media\/62"}],"wp:attachment":[{"href":"https:\/\/woodirection.com\/index.php?rest_route=%2Fwp%2Fv2%2Fmedia&parent=1852"}],"wp:term":[{"taxonomy":"product_brand","embeddable":true,"href":"https:\/\/woodirection.com\/index.php?rest_route=%2Fwp%2Fv2%2Fproduct_brand&post=1852"},{"taxonomy":"product_cat","embeddable":true,"href":"https:\/\/woodirection.com\/index.php?rest_route=%2Fwp%2Fv2%2Fproduct_cat&post=1852"},{"taxonomy":"product_tag","embeddable":true,"href":"https:\/\/woodirection.com\/index.php?rest_route=%2Fwp%2Fv2%2Fproduct_tag&post=1852"}],"curies":[{"name":"wp","href":"https:\/\/api.w.org\/{rel}","templated":true}]}}