{"id":1872,"date":"2026-03-07T19:17:59","date_gmt":"2026-03-07T19:17:59","guid":{"rendered":"https:\/\/woodirection.com\/?post_type=product&#038;p=1872"},"modified":"2026-03-07T19:21:12","modified_gmt":"2026-03-07T19:21:12","slug":"figurka-lisa","status":"publish","type":"product","link":"https:\/\/woodirection.com\/?product=figurka-lisa","title":{"rendered":"Figurka lisa"},"content":{"rendered":"","protected":false},"excerpt":{"rendered":"<ul>\n<li>R\u0119cznie rze\u017abiona figurka z r\u00f3\u017cnych odmian drewna (orzech w\u0142oski, czere\u015bnia)<\/li>\n<li>Unikalne niepowtarzalne kolory<\/li>\n<\/ul>\n<p>Ta figurka&nbsp; wykonana z najwy\u017csz\u0105 staranno\u015bci\u0105 i precyzj\u0105 . Ka\u017cda z nich jest unikalna i niepowtarzalna, dzi\u0119ki temu, \u017ce zosta\u0142a wykonana w ca\u0142o\u015bci r\u0119cznie.<\/p>\n<p>Je\u015bli szukasz wyj\u0105tkowego przedmiotu, kt\u00f3ry dodaje charakteru Twojemu wn\u0119trzu, ta r\u0119cznie rze\u017abiona figurka jest idealnym wyborem. To pi\u0119kna i trwa\u0142a dekoracja, kt\u00f3ra na pewno przyci\u0105gnie uwag\u0119 Twoich go\u015bci i doda stylu Twojemu pomieszczeniu.<\/p>\n<p>Impregnowana naturalnym olejem lnianym lub tungowym.<\/p>\n<p>Do\u0142\u0105czone podpisane przez autora potwierdzenie r\u0119cznego wykonania<\/p>\n<p>Wymiary : oko\u0142o 4 cm wysoko\u015bci \/ 8 cm d\u0142ugo\u015bci ( ka\u017cda sztuka mo\u017ce r\u00f3\u017cni\u0107 si\u0119 delikatnie wymiarami )<\/p>\n<p><strong>Termin realizacji zam\u00f3wienia ustalony b\u0119dzie indywidualnie drog\u0105 mailow\u0105.&nbsp;<\/strong><\/p>\n","protected":false},"featured_media":1873,"template":"","meta":{"_acf_changed":false,"_uag_custom_page_level_css":"","ngg_post_thumbnail":0},"product_brand":[],"product_cat":[17],"product_tag":[],"class_list":{"0":"post-1872","1":"product","2":"type-product","3":"status-publish","4":"has-post-thumbnail","6":"product_cat-rzezby","8":"first","9":"onbackorder","10":"shipping-taxable","11":"purchasable","12":"product-type-simple"},"acf":[],"uagb_featured_image_src":{"full":["https:\/\/woodirection.com\/wp-content\/uploads\/2026\/03\/IMG_20221109_125328-01-scaled.jpeg",1691,2560,false],"thumbnail":["https:\/\/woodirection.com\/wp-content\/uploads\/2026\/03\/IMG_20221109_125328-01-150x150.jpeg",150,150,true],"medium":["https:\/\/woodirection.com\/wp-content\/uploads\/2026\/03\/IMG_20221109_125328-01-198x300.jpeg",198,300,true],"medium_large":["https:\/\/woodirection.com\/wp-content\/uploads\/2026\/03\/IMG_20221109_125328-01-768x1163.jpeg",768,1163,true],"large":["https:\/\/woodirection.com\/wp-content\/uploads\/2026\/03\/IMG_20221109_125328-01-676x1024.jpeg",676,1024,true],"1536x1536":["https:\/\/woodirection.com\/wp-content\/uploads\/2026\/03\/IMG_20221109_125328-01-1014x1536.jpeg",1014,1536,true],"2048x2048":["https:\/\/woodirection.com\/wp-content\/uploads\/2026\/03\/IMG_20221109_125328-01-1353x2048.jpeg",1353,2048,true],"botiga-extra-large":["https:\/\/woodirection.com\/wp-content\/uploads\/2026\/03\/IMG_20221109_125328-01-1140x1726.jpeg",1140,1726,true],"botiga-large":["https:\/\/woodirection.com\/wp-content\/uploads\/2026\/03\/IMG_20221109_125328-01-920x1393.jpeg",920,1393,true],"botiga-big":["https:\/\/woodirection.com\/wp-content\/uploads\/2026\/03\/IMG_20221109_125328-01-575x871.jpeg",575,871,true],"botiga-medium":["https:\/\/woodirection.com\/wp-content\/uploads\/2026\/03\/IMG_20221109_125328-01-380x575.jpeg",380,575,true],"woocommerce_thumbnail":["https:\/\/woodirection.com\/wp-content\/uploads\/2026\/03\/IMG_20221109_125328-01-420x420.jpeg",420,420,true],"woocommerce_single":["https:\/\/woodirection.com\/wp-content\/uploads\/2026\/03\/IMG_20221109_125328-01-800x1211.jpeg",800,1211,true],"woocommerce_gallery_thumbnail":["https:\/\/woodirection.com\/wp-content\/uploads\/2026\/03\/IMG_20221109_125328-01-100x100.jpeg",100,100,true]},"uagb_author_info":{"display_name":"B.Kaczmarek","author_link":"https:\/\/woodirection.com\/?author=0"},"uagb_comment_info":0,"uagb_excerpt":"R\u0119cznie rze\u017abiona figurka z r\u00f3\u017cnych odmian drewna (orzech w\u0142oski, czere\u015bnia) Unikalne niepowtarzalne kolory Ta figurka&nbsp; wykonana z najwy\u017csz\u0105 staranno\u015bci\u0105 i precyzj\u0105 . Ka\u017cda z nich jest unikalna i niepowtarzalna, dzi\u0119ki temu, \u017ce zosta\u0142a wykonana w ca\u0142o\u015bci r\u0119cznie. Je\u015bli szukasz wyj\u0105tkowego przedmiotu, kt\u00f3ry dodaje charakteru Twojemu wn\u0119trzu, ta r\u0119cznie rze\u017abiona figurka jest idealnym wyborem. To pi\u0119kna&hellip;","_links":{"self":[{"href":"https:\/\/woodirection.com\/index.php?rest_route=\/wp\/v2\/product\/1872","targetHints":{"allow":["GET"]}}],"collection":[{"href":"https:\/\/woodirection.com\/index.php?rest_route=\/wp\/v2\/product"}],"about":[{"href":"https:\/\/woodirection.com\/index.php?rest_route=\/wp\/v2\/types\/product"}],"wp:featuredmedia":[{"embeddable":true,"href":"https:\/\/woodirection.com\/index.php?rest_route=\/wp\/v2\/media\/1873"}],"wp:attachment":[{"href":"https:\/\/woodirection.com\/index.php?rest_route=%2Fwp%2Fv2%2Fmedia&parent=1872"}],"wp:term":[{"taxonomy":"product_brand","embeddable":true,"href":"https:\/\/woodirection.com\/index.php?rest_route=%2Fwp%2Fv2%2Fproduct_brand&post=1872"},{"taxonomy":"product_cat","embeddable":true,"href":"https:\/\/woodirection.com\/index.php?rest_route=%2Fwp%2Fv2%2Fproduct_cat&post=1872"},{"taxonomy":"product_tag","embeddable":true,"href":"https:\/\/woodirection.com\/index.php?rest_route=%2Fwp%2Fv2%2Fproduct_tag&post=1872"}],"curies":[{"name":"wp","href":"https:\/\/api.w.org\/{rel}","templated":true}]}}