{"id":1877,"date":"2026-03-08T18:38:36","date_gmt":"2026-03-08T18:38:36","guid":{"rendered":"https:\/\/woodirection.com\/?post_type=product&#038;p=1877"},"modified":"2026-03-08T18:43:52","modified_gmt":"2026-03-08T18:43:52","slug":"zawieszka-brelok-motyl-1-szt","status":"publish","type":"product","link":"https:\/\/woodirection.com\/?product=zawieszka-brelok-motyl-1-szt","title":{"rendered":"Zawieszka\/brelok motyl &#8211; 1 szt."},"content":{"rendered":"","protected":false},"excerpt":{"rendered":"<p>R\u0119cznie rze\u017abiona zawieszka, kt\u00f3rej ka\u017cdy detal i kszta\u0142t, tworzy\u0142em u\u017cywaj\u0105c tylko najwy\u017cszej jako\u015bci drewna i moich ulubionych r\u0119cznych narz\u0119dzi.<\/p>\n<p>Jest to idealny dodatek dla os\u00f3b, kt\u00f3re doceniaj\u0105 pi\u0119kno natury i kochaj\u0105 indywidualne, r\u0119cznie wykonane przedmioty. Ka\u017cda sztuka jest unikalna, i niepowtarzalna rze\u017abiona z pe\u0142nym zaanga\u017cowaniem i pasj\u0105.<\/p>\n<p>Drewniana zawieszka na szyj\u0119 ma prosty, ale elegancki design, a r\u0119cznie rze\u017abione detale dodaj\u0105 niepowtarzalnego charakteru i uroku ka\u017cdej sztuce. Jest to tak\u017ce wygodny i praktyczny element garderoby, kt\u00f3ry mo\u017cesz nosi\u0107 przez ca\u0142y dzie\u0144, nie czuj\u0105c dyskomfortu.<\/p>\n<p>Ka\u017cda zawieszka, kt\u00f3r\u0105 wykonuj\u0119, jest dla mnie wyzwaniem i staram si\u0119, aby by\u0142a doskona\u0142a pod wzgl\u0119dem jako\u015bci i wygl\u0105du. Nieprzewidywalno\u015b\u0107 natury sprawia, \u017ce kolory ka\u017cdej sztuki s\u0105 inne i unikatowe.<\/p>\n<ul>\n<li>R\u0119cznie rze\u017abiona<\/li>\n<li>Niepowtarzalne ubarwienie<\/li>\n<li>R\u00f3\u017cne gatunki drewna (orzech w\u0142oski, czere\u015bnia, wi\u015bnia, jab\u0142o\u0144)<\/li>\n<li>Wymiary : Oko\u0142o 5 cm szeroko\u015bci i oko\u0142o 3,5 cm wysoko\u015bci<\/li>\n<li>Dost\u0119pne w formie breloka lub zawieszki (wybran\u0105 form\u0119 zapisz w uwagach do zam\u00f3wienia)<\/li>\n<li>Cena dotyczy jednej sztuki, zapakowanej w pude\u0142eczko<\/li>\n<\/ul>\n<p>Produkt dost\u0119pny na zam\u00f3wienie.<\/p>\n","protected":false},"featured_media":1878,"template":"","meta":{"_acf_changed":false,"_uag_custom_page_level_css":"","ngg_post_thumbnail":0},"product_brand":[],"product_cat":[19],"product_tag":[],"class_list":{"0":"post-1877","1":"product","2":"type-product","3":"status-publish","4":"has-post-thumbnail","6":"product_cat-bizuteria-z-drewna","8":"first","9":"onbackorder","10":"shipping-taxable","11":"purchasable","12":"product-type-simple"},"acf":[],"uagb_featured_image_src":{"full":["https:\/\/woodirection.com\/wp-content\/uploads\/2026\/03\/1000012868-scaled.jpg",1920,2560,false],"thumbnail":["https:\/\/woodirection.com\/wp-content\/uploads\/2026\/03\/1000012868-150x150.jpg",150,150,true],"medium":["https:\/\/woodirection.com\/wp-content\/uploads\/2026\/03\/1000012868-225x300.jpg",225,300,true],"medium_large":["https:\/\/woodirection.com\/wp-content\/uploads\/2026\/03\/1000012868-768x1024.jpg",768,1024,true],"large":["https:\/\/woodirection.com\/wp-content\/uploads\/2026\/03\/1000012868-768x1024.jpg",768,1024,true],"1536x1536":["https:\/\/woodirection.com\/wp-content\/uploads\/2026\/03\/1000012868-1152x1536.jpg",1152,1536,true],"2048x2048":["https:\/\/woodirection.com\/wp-content\/uploads\/2026\/03\/1000012868-1536x2048.jpg",1536,2048,true],"botiga-extra-large":["https:\/\/woodirection.com\/wp-content\/uploads\/2026\/03\/1000012868-1140x1520.jpg",1140,1520,true],"botiga-large":["https:\/\/woodirection.com\/wp-content\/uploads\/2026\/03\/1000012868-920x1227.jpg",920,1227,true],"botiga-big":["https:\/\/woodirection.com\/wp-content\/uploads\/2026\/03\/1000012868-575x767.jpg",575,767,true],"botiga-medium":["https:\/\/woodirection.com\/wp-content\/uploads\/2026\/03\/1000012868-380x507.jpg",380,507,true],"woocommerce_thumbnail":["https:\/\/woodirection.com\/wp-content\/uploads\/2026\/03\/1000012868-420x420.jpg",420,420,true],"woocommerce_single":["https:\/\/woodirection.com\/wp-content\/uploads\/2026\/03\/1000012868-800x1067.jpg",800,1067,true],"woocommerce_gallery_thumbnail":["https:\/\/woodirection.com\/wp-content\/uploads\/2026\/03\/1000012868-100x100.jpg",100,100,true]},"uagb_author_info":{"display_name":"B.Kaczmarek","author_link":"https:\/\/woodirection.com\/?author=0"},"uagb_comment_info":0,"uagb_excerpt":"R\u0119cznie rze\u017abiona zawieszka, kt\u00f3rej ka\u017cdy detal i kszta\u0142t, tworzy\u0142em u\u017cywaj\u0105c tylko najwy\u017cszej jako\u015bci drewna i moich ulubionych r\u0119cznych narz\u0119dzi. Jest to idealny dodatek dla os\u00f3b, kt\u00f3re doceniaj\u0105 pi\u0119kno natury i kochaj\u0105 indywidualne, r\u0119cznie wykonane przedmioty. Ka\u017cda sztuka jest unikalna, i niepowtarzalna rze\u017abiona z pe\u0142nym zaanga\u017cowaniem i pasj\u0105. Drewniana zawieszka na szyj\u0119 ma prosty, ale elegancki&hellip;","_links":{"self":[{"href":"https:\/\/woodirection.com\/index.php?rest_route=\/wp\/v2\/product\/1877","targetHints":{"allow":["GET"]}}],"collection":[{"href":"https:\/\/woodirection.com\/index.php?rest_route=\/wp\/v2\/product"}],"about":[{"href":"https:\/\/woodirection.com\/index.php?rest_route=\/wp\/v2\/types\/product"}],"wp:featuredmedia":[{"embeddable":true,"href":"https:\/\/woodirection.com\/index.php?rest_route=\/wp\/v2\/media\/1878"}],"wp:attachment":[{"href":"https:\/\/woodirection.com\/index.php?rest_route=%2Fwp%2Fv2%2Fmedia&parent=1877"}],"wp:term":[{"taxonomy":"product_brand","embeddable":true,"href":"https:\/\/woodirection.com\/index.php?rest_route=%2Fwp%2Fv2%2Fproduct_brand&post=1877"},{"taxonomy":"product_cat","embeddable":true,"href":"https:\/\/woodirection.com\/index.php?rest_route=%2Fwp%2Fv2%2Fproduct_cat&post=1877"},{"taxonomy":"product_tag","embeddable":true,"href":"https:\/\/woodirection.com\/index.php?rest_route=%2Fwp%2Fv2%2Fproduct_tag&post=1877"}],"curies":[{"name":"wp","href":"https:\/\/api.w.org\/{rel}","templated":true}]}}