{"id":217,"date":"2023-04-22T11:15:51","date_gmt":"2023-04-22T11:15:51","guid":{"rendered":"https:\/\/woodirection.com\/?post_type=product&#038;p=217"},"modified":"2024-01-08T21:08:36","modified_gmt":"2024-01-08T21:08:36","slug":"ksiazka-najpiekniejsza-pasja-przedsprzedaz-dodruk","status":"publish","type":"product","link":"https:\/\/woodirection.com\/?product=ksiazka-najpiekniejsza-pasja-przedsprzedaz-dodruk","title":{"rendered":"Ksi\u0105\u017cka Najpi\u0119kniejsza pasja &#8211; Przedsprzeda\u017c Dodruk"},"content":{"rendered":"","protected":false},"excerpt":{"rendered":"<p><strong>Zam\u00f3wienie dodruku, wysy\u0142ka zostanie zrealizowana po przekroczeniu minimum 50 sztuk zam\u00f3wionych przez klient\u00f3w<\/strong><\/p>\n<p>Cze\u015b\u0107! Je\u015bli zastanawiasz si\u0119 nad tym, jak nauczy\u0107 si\u0119 wyrze\u017abi\u0107 pi\u0119kne i minimalistyczne figury z drewna, to mam co\u015b dla Ciebie. &#8222;Najpi\u0119kniejsza pasja &#8211; Tworzenie drewnianych rze\u017ab&#8221; to poradnik stworzony z my\u015bl\u0105 o Tobie.<\/p>\n<p>Jako autor tego poradnika przedstawi\u0119 proste i \u0142atwe do zrozumienia instrukcje krok po kroku, dzi\u0119ki kt\u00f3rym nauczysz si\u0119 tworzy\u0107 trzy r\u00f3\u017cne rze\u017aby: wilka, jelenia i lisa, przy u\u017cyciu no\u017cy snycerskich. A to nie wszystko! Poradnik zawiera mn\u00f3stwo praktycznych wskaz\u00f3wek i porad, kt\u00f3re pomog\u0105 Ci na ka\u017cdym etapie pracy. Dowiesz si\u0119, jak wybra\u0107 odpowiednie drewno, jak szlifowa\u0107, ci\u0105\u0107 i polerowa\u0107, a tak\u017ce jak uzyska\u0107 po\u017c\u0105dany efekt ko\u0144cowy.<\/p>\n<p>Za pomoc\u0105 tego poradnika, nauczysz si\u0119 wyrze\u017abia\u0107 nie tylko pi\u0119kne, ale i funkcjonalne przedmioty, kt\u00f3re b\u0119d\u0105 stanowi\u0107 doskona\u0142\u0105 ozdob\u0119 dla Twojego domu czy ogrodu. Je\u015bli zawsze marzy\u0142e\u015b o tym, aby rozwija\u0107 swoj\u0105 pasj\u0119 i zacz\u0105\u0107 tworzy\u0107 z drewna, to &#8222;Najpi\u0119kniejsza pasja &#8211; Tworzenie drewnianych rze\u017ab&#8221; jest idealnym poradnikiem dla Ciebie.<\/p>\n<p>Ilo\u015b\u0107 stron : 100<\/p>\n<p>Do\u0142\u0105czony drukowany szablon z trzema zwierz\u0119tami : Lis, Wilk, Jele\u0144<\/p>\n<p><strong>\u017badna wersja nie zawiera narz\u0119dzi ani figurek ( Galeria zawiera przyk\u0142adowe, stworzone przez autora, figurki i prywatne narz\u0119dzia)\u00a0<\/strong><\/p>\n<p><strong>Jest to zam\u00f3wienie dodruku. Ksi\u0105\u017cka zostanie wys\u0142ana po przekroczeniu 50 sztuk zam\u00f3wie\u0144 od klient\u00f3w<\/strong><\/p>\n","protected":false},"featured_media":199,"template":"","meta":{"_acf_changed":false,"_uag_custom_page_level_css":"","ngg_post_thumbnail":0},"product_brand":[],"product_cat":[21],"product_tag":[],"class_list":{"0":"post-217","1":"product","2":"type-product","3":"status-publish","4":"has-post-thumbnail","6":"product_cat-poradniki","8":"first","9":"outofstock","10":"shipping-taxable","11":"product-type-simple"},"acf":[],"uagb_featured_image_src":{"full":["https:\/\/woodirection.com\/wp-content\/uploads\/2023\/04\/IMG_20230326_155318-01-scaled.jpg",1920,2560,false],"thumbnail":["https:\/\/woodirection.com\/wp-content\/uploads\/2023\/04\/IMG_20230326_155318-01-150x150.jpg",150,150,true],"medium":["https:\/\/woodirection.com\/wp-content\/uploads\/2023\/04\/IMG_20230326_155318-01-225x300.jpg",225,300,true],"medium_large":["https:\/\/woodirection.com\/wp-content\/uploads\/2023\/04\/IMG_20230326_155318-01-768x1024.jpg",768,1024,true],"large":["https:\/\/woodirection.com\/wp-content\/uploads\/2023\/04\/IMG_20230326_155318-01-768x1024.jpg",768,1024,true],"1536x1536":["https:\/\/woodirection.com\/wp-content\/uploads\/2023\/04\/IMG_20230326_155318-01-1152x1536.jpg",1152,1536,true],"2048x2048":["https:\/\/woodirection.com\/wp-content\/uploads\/2023\/04\/IMG_20230326_155318-01-1536x2048.jpg",1536,2048,true],"botiga-extra-large":["https:\/\/woodirection.com\/wp-content\/uploads\/2023\/04\/IMG_20230326_155318-01-1140x1520.jpg",1140,1520,true],"botiga-large":["https:\/\/woodirection.com\/wp-content\/uploads\/2023\/04\/IMG_20230326_155318-01-920x1227.jpg",920,1227,true],"botiga-big":["https:\/\/woodirection.com\/wp-content\/uploads\/2023\/04\/IMG_20230326_155318-01-575x767.jpg",575,767,true],"botiga-medium":["https:\/\/woodirection.com\/wp-content\/uploads\/2023\/04\/IMG_20230326_155318-01-380x507.jpg",380,507,true],"woocommerce_thumbnail":["https:\/\/woodirection.com\/wp-content\/uploads\/2023\/04\/IMG_20230326_155318-01-scaled-420x420.jpg",420,420,true],"woocommerce_single":["https:\/\/woodirection.com\/wp-content\/uploads\/2023\/04\/IMG_20230326_155318-01-scaled-800x1067.jpg",800,1067,true],"woocommerce_gallery_thumbnail":["https:\/\/woodirection.com\/wp-content\/uploads\/2023\/04\/IMG_20230326_155318-01-scaled-100x100.jpg",100,100,true]},"uagb_author_info":{"display_name":"B.Kaczmarek","author_link":"https:\/\/woodirection.com\/?author=0"},"uagb_comment_info":0,"uagb_excerpt":"Zam\u00f3wienie dodruku, wysy\u0142ka zostanie zrealizowana po przekroczeniu minimum 50 sztuk zam\u00f3wionych przez klient\u00f3w Cze\u015b\u0107! Je\u015bli zastanawiasz si\u0119 nad tym, jak nauczy\u0107 si\u0119 wyrze\u017abi\u0107 pi\u0119kne i minimalistyczne figury z drewna, to mam co\u015b dla Ciebie. \"Najpi\u0119kniejsza pasja - Tworzenie drewnianych rze\u017ab\" to poradnik stworzony z my\u015bl\u0105 o Tobie. Jako autor tego poradnika przedstawi\u0119 proste i \u0142atwe&hellip;","_links":{"self":[{"href":"https:\/\/woodirection.com\/index.php?rest_route=\/wp\/v2\/product\/217","targetHints":{"allow":["GET"]}}],"collection":[{"href":"https:\/\/woodirection.com\/index.php?rest_route=\/wp\/v2\/product"}],"about":[{"href":"https:\/\/woodirection.com\/index.php?rest_route=\/wp\/v2\/types\/product"}],"wp:featuredmedia":[{"embeddable":true,"href":"https:\/\/woodirection.com\/index.php?rest_route=\/wp\/v2\/media\/199"}],"wp:attachment":[{"href":"https:\/\/woodirection.com\/index.php?rest_route=%2Fwp%2Fv2%2Fmedia&parent=217"}],"wp:term":[{"taxonomy":"product_brand","embeddable":true,"href":"https:\/\/woodirection.com\/index.php?rest_route=%2Fwp%2Fv2%2Fproduct_brand&post=217"},{"taxonomy":"product_cat","embeddable":true,"href":"https:\/\/woodirection.com\/index.php?rest_route=%2Fwp%2Fv2%2Fproduct_cat&post=217"},{"taxonomy":"product_tag","embeddable":true,"href":"https:\/\/woodirection.com\/index.php?rest_route=%2Fwp%2Fv2%2Fproduct_tag&post=217"}],"curies":[{"name":"wp","href":"https:\/\/api.w.org\/{rel}","templated":true}]}}