{"id":373,"date":"2023-11-16T15:57:54","date_gmt":"2023-11-16T15:57:54","guid":{"rendered":"https:\/\/woodirection.com\/?post_type=product&#038;p=373"},"modified":"2026-01-29T15:03:02","modified_gmt":"2026-01-29T15:03:02","slug":"lyzeczka-z-spiacym-zajaczkiem","status":"publish","type":"product","link":"https:\/\/woodirection.com\/?product=lyzeczka-z-spiacym-zajaczkiem","title":{"rendered":"\u0141y\u017ceczka z \u015api\u0105cym zaj\u0105czkiem"},"content":{"rendered":"","protected":false},"excerpt":{"rendered":"<p>R\u0119cznie rze\u017abiona \u0142y\u017ceczka, kt\u00f3rej ka\u017cdy detal i kszta\u0142t, tworzy\u0142em u\u017cywaj\u0105c tylko najwy\u017cszej jako\u015bci drewna i moich ulubionych r\u0119cznych narz\u0119dzi.<\/p>\n<p>Jest to idealny dodatek dla os\u00f3b, kt\u00f3re doceniaj\u0105 pi\u0119kno natury i kochaj\u0105 indywidualne, r\u0119cznie wykonane przedmioty. Ka\u017cda sztuka jest unikalna, i niepowtarzalna rze\u017abiona z pe\u0142nym zaanga\u017cowaniem i pasj\u0105.<\/p>\n<p>R\u0119cznie rze\u017abione detale dodaj\u0105 niepowtarzalnego charakteru i uroku ka\u017cdej sztuce. Jest to tak\u017ce w pe\u0142ni u\u017cytkowy przedmiot, kt\u00f3ry u\u017cywa\u0107 na codzie\u0144.<\/p>\n<p>Ka\u017cda \u0142y\u017cka, kt\u00f3r\u0105 wykonuj\u0119, jest dla mnie wyzwaniem i staram si\u0119, aby by\u0142a doskona\u0142a pod wzgl\u0119dem jako\u015bci i wygl\u0105du. Nieprzewidywalno\u015b\u0107 natury sprawia, \u017ce kolory ka\u017cdej sztuki s\u0105 inne i unikatowe.<\/p>\n<ul>\n<li>R\u0119cznie rze\u017abiona z obu stron<\/li>\n<li>Niepowtarzalne ubarwienie<\/li>\n<li>Drewno orzecha w\u0142oskiego<\/li>\n<li>Wymiary : 16 cm d\u0142ugo\u015bci<\/li>\n<\/ul>\n","protected":false},"featured_media":376,"template":"","meta":{"_acf_changed":false,"_uag_custom_page_level_css":"","ngg_post_thumbnail":0},"product_brand":[],"product_cat":[22],"product_tag":[],"class_list":{"0":"post-373","1":"product","2":"type-product","3":"status-publish","4":"has-post-thumbnail","6":"product_cat-lyzki","8":"first","9":"onbackorder","10":"shipping-taxable","11":"purchasable","12":"product-type-simple"},"acf":[],"uagb_featured_image_src":{"full":["https:\/\/woodirection.com\/wp-content\/uploads\/2023\/11\/371539815_320289734044215_8423226400987102581_n.jpg",1152,2048,false],"thumbnail":["https:\/\/woodirection.com\/wp-content\/uploads\/2023\/11\/371539815_320289734044215_8423226400987102581_n-150x150.jpg",150,150,true],"medium":["https:\/\/woodirection.com\/wp-content\/uploads\/2023\/11\/371539815_320289734044215_8423226400987102581_n-169x300.jpg",169,300,true],"medium_large":["https:\/\/woodirection.com\/wp-content\/uploads\/2023\/11\/371539815_320289734044215_8423226400987102581_n-768x1365.jpg",768,1365,true],"large":["https:\/\/woodirection.com\/wp-content\/uploads\/2023\/11\/371539815_320289734044215_8423226400987102581_n-576x1024.jpg",576,1024,true],"1536x1536":["https:\/\/woodirection.com\/wp-content\/uploads\/2023\/11\/371539815_320289734044215_8423226400987102581_n-864x1536.jpg",864,1536,true],"2048x2048":["https:\/\/woodirection.com\/wp-content\/uploads\/2023\/11\/371539815_320289734044215_8423226400987102581_n.jpg",1152,2048,false],"botiga-extra-large":["https:\/\/woodirection.com\/wp-content\/uploads\/2023\/11\/371539815_320289734044215_8423226400987102581_n-1140x2027.jpg",1140,2027,true],"botiga-large":["https:\/\/woodirection.com\/wp-content\/uploads\/2023\/11\/371539815_320289734044215_8423226400987102581_n-920x1636.jpg",920,1636,true],"botiga-big":["https:\/\/woodirection.com\/wp-content\/uploads\/2023\/11\/371539815_320289734044215_8423226400987102581_n-575x1022.jpg",575,1022,true],"botiga-medium":["https:\/\/woodirection.com\/wp-content\/uploads\/2023\/11\/371539815_320289734044215_8423226400987102581_n-380x676.jpg",380,676,true],"woocommerce_thumbnail":["https:\/\/woodirection.com\/wp-content\/uploads\/2023\/11\/371539815_320289734044215_8423226400987102581_n-420x420.jpg",420,420,true],"woocommerce_single":["https:\/\/woodirection.com\/wp-content\/uploads\/2023\/11\/371539815_320289734044215_8423226400987102581_n-800x1422.jpg",800,1422,true],"woocommerce_gallery_thumbnail":["https:\/\/woodirection.com\/wp-content\/uploads\/2023\/11\/371539815_320289734044215_8423226400987102581_n-100x100.jpg",100,100,true]},"uagb_author_info":{"display_name":"B.Kaczmarek","author_link":"https:\/\/woodirection.com\/?author=0"},"uagb_comment_info":0,"uagb_excerpt":"R\u0119cznie rze\u017abiona \u0142y\u017ceczka, kt\u00f3rej ka\u017cdy detal i kszta\u0142t, tworzy\u0142em u\u017cywaj\u0105c tylko najwy\u017cszej jako\u015bci drewna i moich ulubionych r\u0119cznych narz\u0119dzi. Jest to idealny dodatek dla os\u00f3b, kt\u00f3re doceniaj\u0105 pi\u0119kno natury i kochaj\u0105 indywidualne, r\u0119cznie wykonane przedmioty. Ka\u017cda sztuka jest unikalna, i niepowtarzalna rze\u017abiona z pe\u0142nym zaanga\u017cowaniem i pasj\u0105. R\u0119cznie rze\u017abione detale dodaj\u0105 niepowtarzalnego charakteru i uroku&hellip;","_links":{"self":[{"href":"https:\/\/woodirection.com\/index.php?rest_route=\/wp\/v2\/product\/373","targetHints":{"allow":["GET"]}}],"collection":[{"href":"https:\/\/woodirection.com\/index.php?rest_route=\/wp\/v2\/product"}],"about":[{"href":"https:\/\/woodirection.com\/index.php?rest_route=\/wp\/v2\/types\/product"}],"wp:featuredmedia":[{"embeddable":true,"href":"https:\/\/woodirection.com\/index.php?rest_route=\/wp\/v2\/media\/376"}],"wp:attachment":[{"href":"https:\/\/woodirection.com\/index.php?rest_route=%2Fwp%2Fv2%2Fmedia&parent=373"}],"wp:term":[{"taxonomy":"product_brand","embeddable":true,"href":"https:\/\/woodirection.com\/index.php?rest_route=%2Fwp%2Fv2%2Fproduct_brand&post=373"},{"taxonomy":"product_cat","embeddable":true,"href":"https:\/\/woodirection.com\/index.php?rest_route=%2Fwp%2Fv2%2Fproduct_cat&post=373"},{"taxonomy":"product_tag","embeddable":true,"href":"https:\/\/woodirection.com\/index.php?rest_route=%2Fwp%2Fv2%2Fproduct_tag&post=373"}],"curies":[{"name":"wp","href":"https:\/\/api.w.org\/{rel}","templated":true}]}}