{"id":518,"date":"2023-12-12T10:36:53","date_gmt":"2023-12-12T10:36:53","guid":{"rendered":"https:\/\/woodirection.com\/?post_type=product&#038;p=518"},"modified":"2024-01-08T21:08:36","modified_gmt":"2024-01-08T21:08:36","slug":"rzezba-poranek-czapla-w-wodzie","status":"publish","type":"product","link":"https:\/\/woodirection.com\/?product=rzezba-poranek-czapla-w-wodzie","title":{"rendered":"Rze\u017aba &#8222;Poranek &#8211; Czapla w wodzie&#8221;"},"content":{"rendered":"","protected":false},"excerpt":{"rendered":"<p>Rze\u017aba, kt\u00f3rej ka\u017cdy detal i kszta\u0142t, tworzy\u0142em u\u017cywaj\u0105c r\u0119cznych narz\u0119dzi.<\/p>\n<p>Ka\u017cda moja rze\u017aba jest unikalna, niepowtarzalna i tworzona\u00a0 z pe\u0142nym zaanga\u017cowaniem, a tak\u017ce z pasj\u0105.<\/p>\n<p>Prace kt\u00f3re wykonuj\u0119, s\u0105 dla mnie wyzwaniem i staram si\u0119, aby by\u0142y doskona\u0142e pod wzgl\u0119dem jako\u015bci i wygl\u0105du. Nieprzewidywalno\u015b\u0107 natury sprawia, \u017ce kolory ka\u017cdej sztuki s\u0105 inne i unikatowe.<\/p>\n<ul>\n<li>R\u0119cznie rze\u017abiona<\/li>\n<li>Drewno orzecha w\u0142oskiego i czeremch<\/li>\n<li>Wymiary : 20 cm d\u0142ugo\u015bci , 30\u00a0 cm wysoko\u015bci<\/li>\n<\/ul>\n","protected":false},"featured_media":520,"template":"","meta":{"_acf_changed":false,"_uag_custom_page_level_css":"","ngg_post_thumbnail":0},"product_brand":[],"product_cat":[15],"product_tag":[],"class_list":{"0":"post-518","1":"product","2":"type-product","3":"status-publish","4":"has-post-thumbnail","6":"product_cat-bez-kategorii","8":"first","9":"onbackorder","10":"shipping-taxable","11":"purchasable","12":"product-type-simple"},"acf":[],"uagb_featured_image_src":{"full":["https:\/\/woodirection.com\/wp-content\/uploads\/2023\/12\/IMG_20231209_085432-01.jpg",1356,1920,false],"thumbnail":["https:\/\/woodirection.com\/wp-content\/uploads\/2023\/12\/IMG_20231209_085432-01-150x150.jpg",150,150,true],"medium":["https:\/\/woodirection.com\/wp-content\/uploads\/2023\/12\/IMG_20231209_085432-01-212x300.jpg",212,300,true],"medium_large":["https:\/\/woodirection.com\/wp-content\/uploads\/2023\/12\/IMG_20231209_085432-01-768x1087.jpg",768,1087,true],"large":["https:\/\/woodirection.com\/wp-content\/uploads\/2023\/12\/IMG_20231209_085432-01-723x1024.jpg",723,1024,true],"1536x1536":["https:\/\/woodirection.com\/wp-content\/uploads\/2023\/12\/IMG_20231209_085432-01-1085x1536.jpg",1085,1536,true],"2048x2048":["https:\/\/woodirection.com\/wp-content\/uploads\/2023\/12\/IMG_20231209_085432-01.jpg",1356,1920,false],"botiga-extra-large":["https:\/\/woodirection.com\/wp-content\/uploads\/2023\/12\/IMG_20231209_085432-01-1140x1614.jpg",1140,1614,true],"botiga-large":["https:\/\/woodirection.com\/wp-content\/uploads\/2023\/12\/IMG_20231209_085432-01-920x1303.jpg",920,1303,true],"botiga-big":["https:\/\/woodirection.com\/wp-content\/uploads\/2023\/12\/IMG_20231209_085432-01-575x814.jpg",575,814,true],"botiga-medium":["https:\/\/woodirection.com\/wp-content\/uploads\/2023\/12\/IMG_20231209_085432-01-380x538.jpg",380,538,true],"woocommerce_thumbnail":["https:\/\/woodirection.com\/wp-content\/uploads\/2023\/12\/IMG_20231209_085432-01-420x420.jpg",420,420,true],"woocommerce_single":["https:\/\/woodirection.com\/wp-content\/uploads\/2023\/12\/IMG_20231209_085432-01-800x1133.jpg",800,1133,true],"woocommerce_gallery_thumbnail":["https:\/\/woodirection.com\/wp-content\/uploads\/2023\/12\/IMG_20231209_085432-01-100x100.jpg",100,100,true]},"uagb_author_info":{"display_name":"B.Kaczmarek","author_link":"https:\/\/woodirection.com\/?author=0"},"uagb_comment_info":0,"uagb_excerpt":"Rze\u017aba, kt\u00f3rej ka\u017cdy detal i kszta\u0142t, tworzy\u0142em u\u017cywaj\u0105c r\u0119cznych narz\u0119dzi. Ka\u017cda moja rze\u017aba jest unikalna, niepowtarzalna i tworzona\u00a0 z pe\u0142nym zaanga\u017cowaniem, a tak\u017ce z pasj\u0105. Prace kt\u00f3re wykonuj\u0119, s\u0105 dla mnie wyzwaniem i staram si\u0119, aby by\u0142y doskona\u0142e pod wzgl\u0119dem jako\u015bci i wygl\u0105du. Nieprzewidywalno\u015b\u0107 natury sprawia, \u017ce kolory ka\u017cdej sztuki s\u0105 inne i unikatowe. R\u0119cznie&hellip;","_links":{"self":[{"href":"https:\/\/woodirection.com\/index.php?rest_route=\/wp\/v2\/product\/518","targetHints":{"allow":["GET"]}}],"collection":[{"href":"https:\/\/woodirection.com\/index.php?rest_route=\/wp\/v2\/product"}],"about":[{"href":"https:\/\/woodirection.com\/index.php?rest_route=\/wp\/v2\/types\/product"}],"wp:featuredmedia":[{"embeddable":true,"href":"https:\/\/woodirection.com\/index.php?rest_route=\/wp\/v2\/media\/520"}],"wp:attachment":[{"href":"https:\/\/woodirection.com\/index.php?rest_route=%2Fwp%2Fv2%2Fmedia&parent=518"}],"wp:term":[{"taxonomy":"product_brand","embeddable":true,"href":"https:\/\/woodirection.com\/index.php?rest_route=%2Fwp%2Fv2%2Fproduct_brand&post=518"},{"taxonomy":"product_cat","embeddable":true,"href":"https:\/\/woodirection.com\/index.php?rest_route=%2Fwp%2Fv2%2Fproduct_cat&post=518"},{"taxonomy":"product_tag","embeddable":true,"href":"https:\/\/woodirection.com\/index.php?rest_route=%2Fwp%2Fv2%2Fproduct_tag&post=518"}],"curies":[{"name":"wp","href":"https:\/\/api.w.org\/{rel}","templated":true}]}}