{"id":541,"date":"2023-12-26T14:49:33","date_gmt":"2023-12-26T14:49:33","guid":{"rendered":"https:\/\/woodirection.com\/?post_type=product&#038;p=541"},"modified":"2025-11-15T20:50:53","modified_gmt":"2025-11-15T20:50:53","slug":"rzezba-obiezyswiat","status":"publish","type":"product","link":"https:\/\/woodirection.com\/?product=rzezba-obiezyswiat","title":{"rendered":"Rze\u017aba Obie\u017cy\u015bwiat"},"content":{"rendered":"","protected":false},"excerpt":{"rendered":"<p>&nbsp;<\/p>\n<p>Rze\u017aba, kt\u00f3rej ka\u017cdy detal i kszta\u0142t, tworzy\u0142em u\u017cywaj\u0105c r\u0119cznych narz\u0119dzi.<\/p>\n<p>Ka\u017cda moja rze\u017aba jest unikalna, niepowtarzalna i tworzona\u00a0 z pe\u0142nym zaanga\u017cowaniem, a tak\u017ce z pasj\u0105.<\/p>\n<p>Prace kt\u00f3re wykonuj\u0119, s\u0105 dla mnie wyzwaniem i staram si\u0119, aby by\u0142y doskona\u0142e pod wzgl\u0119dem jako\u015bci i wygl\u0105du. Nieprzewidywalno\u015b\u0107 natury sprawia, \u017ce kolory ka\u017cdej sztuki s\u0105 inne i unikatowe.<\/p>\n<ul>\n<li>R\u0119cznie rze\u017abiona<\/li>\n<li>Drewno lipowe, podstawa czarny d\u0105b<\/li>\n<li>Wymiary : 24\u00a0 cm wysoko\u015bci<\/li>\n<\/ul>\n","protected":false},"featured_media":543,"template":"","meta":{"_acf_changed":false,"_uag_custom_page_level_css":"","ngg_post_thumbnail":0},"product_brand":[],"product_cat":[15],"product_tag":[],"class_list":{"0":"post-541","1":"product","2":"type-product","3":"status-publish","4":"has-post-thumbnail","6":"product_cat-bez-kategorii","8":"first","9":"onbackorder","10":"shipping-taxable","11":"purchasable","12":"product-type-simple"},"acf":[],"uagb_featured_image_src":{"full":["https:\/\/woodirection.com\/wp-content\/uploads\/2023\/12\/IMG_20231226_124729-01.jpeg",1440,1920,false],"thumbnail":["https:\/\/woodirection.com\/wp-content\/uploads\/2023\/12\/IMG_20231226_124729-01-150x150.jpeg",150,150,true],"medium":["https:\/\/woodirection.com\/wp-content\/uploads\/2023\/12\/IMG_20231226_124729-01-225x300.jpeg",225,300,true],"medium_large":["https:\/\/woodirection.com\/wp-content\/uploads\/2023\/12\/IMG_20231226_124729-01-768x1024.jpeg",768,1024,true],"large":["https:\/\/woodirection.com\/wp-content\/uploads\/2023\/12\/IMG_20231226_124729-01-768x1024.jpeg",768,1024,true],"1536x1536":["https:\/\/woodirection.com\/wp-content\/uploads\/2023\/12\/IMG_20231226_124729-01-1152x1536.jpeg",1152,1536,true],"2048x2048":["https:\/\/woodirection.com\/wp-content\/uploads\/2023\/12\/IMG_20231226_124729-01.jpeg",1440,1920,false],"botiga-extra-large":["https:\/\/woodirection.com\/wp-content\/uploads\/2023\/12\/IMG_20231226_124729-01-1140x1520.jpeg",1140,1520,true],"botiga-large":["https:\/\/woodirection.com\/wp-content\/uploads\/2023\/12\/IMG_20231226_124729-01-920x1227.jpeg",920,1227,true],"botiga-big":["https:\/\/woodirection.com\/wp-content\/uploads\/2023\/12\/IMG_20231226_124729-01-575x767.jpeg",575,767,true],"botiga-medium":["https:\/\/woodirection.com\/wp-content\/uploads\/2023\/12\/IMG_20231226_124729-01-380x507.jpeg",380,507,true],"woocommerce_thumbnail":["https:\/\/woodirection.com\/wp-content\/uploads\/2023\/12\/IMG_20231226_124729-01-420x420.jpeg",420,420,true],"woocommerce_single":["https:\/\/woodirection.com\/wp-content\/uploads\/2023\/12\/IMG_20231226_124729-01-800x1067.jpeg",800,1067,true],"woocommerce_gallery_thumbnail":["https:\/\/woodirection.com\/wp-content\/uploads\/2023\/12\/IMG_20231226_124729-01-100x100.jpeg",100,100,true]},"uagb_author_info":{"display_name":"B.Kaczmarek","author_link":"https:\/\/woodirection.com\/?author=0"},"uagb_comment_info":0,"uagb_excerpt":"&nbsp; Rze\u017aba, kt\u00f3rej ka\u017cdy detal i kszta\u0142t, tworzy\u0142em u\u017cywaj\u0105c r\u0119cznych narz\u0119dzi. Ka\u017cda moja rze\u017aba jest unikalna, niepowtarzalna i tworzona\u00a0 z pe\u0142nym zaanga\u017cowaniem, a tak\u017ce z pasj\u0105. Prace kt\u00f3re wykonuj\u0119, s\u0105 dla mnie wyzwaniem i staram si\u0119, aby by\u0142y doskona\u0142e pod wzgl\u0119dem jako\u015bci i wygl\u0105du. Nieprzewidywalno\u015b\u0107 natury sprawia, \u017ce kolory ka\u017cdej sztuki s\u0105 inne i unikatowe.&hellip;","_links":{"self":[{"href":"https:\/\/woodirection.com\/index.php?rest_route=\/wp\/v2\/product\/541","targetHints":{"allow":["GET"]}}],"collection":[{"href":"https:\/\/woodirection.com\/index.php?rest_route=\/wp\/v2\/product"}],"about":[{"href":"https:\/\/woodirection.com\/index.php?rest_route=\/wp\/v2\/types\/product"}],"wp:featuredmedia":[{"embeddable":true,"href":"https:\/\/woodirection.com\/index.php?rest_route=\/wp\/v2\/media\/543"}],"wp:attachment":[{"href":"https:\/\/woodirection.com\/index.php?rest_route=%2Fwp%2Fv2%2Fmedia&parent=541"}],"wp:term":[{"taxonomy":"product_brand","embeddable":true,"href":"https:\/\/woodirection.com\/index.php?rest_route=%2Fwp%2Fv2%2Fproduct_brand&post=541"},{"taxonomy":"product_cat","embeddable":true,"href":"https:\/\/woodirection.com\/index.php?rest_route=%2Fwp%2Fv2%2Fproduct_cat&post=541"},{"taxonomy":"product_tag","embeddable":true,"href":"https:\/\/woodirection.com\/index.php?rest_route=%2Fwp%2Fv2%2Fproduct_tag&post=541"}],"curies":[{"name":"wp","href":"https:\/\/api.w.org\/{rel}","templated":true}]}}