{"id":70,"date":"2023-04-17T07:28:07","date_gmt":"2023-04-17T07:28:07","guid":{"rendered":"https:\/\/woodirection.com\/?post_type=product&#038;p=70"},"modified":"2026-01-29T15:04:03","modified_gmt":"2026-01-29T15:04:03","slug":"kot-z-balonikiem","status":"publish","type":"product","link":"https:\/\/woodirection.com\/?product=kot-z-balonikiem","title":{"rendered":"Kot z balonikiem"},"content":{"rendered":"","protected":false},"excerpt":{"rendered":"<ul>\n<li>R\u0119cznie rze\u017abiona figurka z drewna orzecha w\u0142oskiego<\/li>\n<li>Unikalne niepowtarzalne kolory<\/li>\n<\/ul>\n<p>Ta figurka\u00a0 wykonana z najwy\u017csz\u0105 staranno\u015bci\u0105 i precyzj\u0105 . Ka\u017cda z nich jest unikalna i niepowtarzalna, dzi\u0119ki temu, \u017ce zosta\u0142a wykonana w ca\u0142o\u015bci r\u0119cznie.<\/p>\n<p>Drewno orzecha w\u0142oskiego, z kt\u00f3rego zosta\u0142a wyrze\u017abiona, jest materia\u0142em bardzo ekskluzywnym i cenionym za swoj\u0105 wytrzyma\u0142o\u015b\u0107 i elegancki wygl\u0105d.<\/p>\n<p>Je\u015bli szukasz wyj\u0105tkowego przedmiotu, kt\u00f3ry dodaje charakteru Twojemu wn\u0119trzu, ta r\u0119cznie rze\u017abiona figurka jest idealnym wyborem. To pi\u0119kna i trwa\u0142a dekoracja, kt\u00f3ra na pewno przyci\u0105gnie uwag\u0119 Twoich go\u015bci i doda stylu Twojemu pomieszczeniu.<\/p>\n<p>Impregnowana naturalnym olejem lnianym lub tungowym.<\/p>\n<p>Do\u0142\u0105czone podpisane przez autora potwierdzenie r\u0119cznego wykonania<\/p>\n<p>Wymiary : oko\u0142o 12 cm wysoko\u015bci \/ 7 cm Szeroko\u015bci ( ka\u017cda sztuka mo\u017ce r\u00f3\u017cni\u0107 si\u0119 delikatnie wymiarami )<\/p>\n<p><strong>Termin realizacji zam\u00f3wienia ustalony b\u0119dzie indywidualnie drog\u0105 mailow\u0105.\u00a0<\/strong><\/p>\n","protected":false},"featured_media":74,"template":"","meta":{"_acf_changed":false,"_uag_custom_page_level_css":"","ngg_post_thumbnail":0},"product_brand":[],"product_cat":[17],"product_tag":[],"class_list":{"0":"post-70","1":"product","2":"type-product","3":"status-publish","4":"has-post-thumbnail","6":"product_cat-rzezby","8":"first","9":"onbackorder","10":"shipping-taxable","11":"purchasable","12":"product-type-simple"},"acf":[],"uagb_featured_image_src":{"full":["https:\/\/woodirection.com\/wp-content\/uploads\/2023\/04\/IMG_20230117_002649-01-scaled-e1681716654910.jpg",1548,1728,false],"thumbnail":["https:\/\/woodirection.com\/wp-content\/uploads\/2023\/04\/IMG_20230117_002649-01-scaled-e1681716654910-150x150.jpg",150,150,true],"medium":["https:\/\/woodirection.com\/wp-content\/uploads\/2023\/04\/IMG_20230117_002649-01-scaled-e1681716654910-269x300.jpg",269,300,true],"medium_large":["https:\/\/woodirection.com\/wp-content\/uploads\/2023\/04\/IMG_20230117_002649-01-scaled-e1681716654910-768x857.jpg",768,857,true],"large":["https:\/\/woodirection.com\/wp-content\/uploads\/2023\/04\/IMG_20230117_002649-01-scaled-e1681716654910-917x1024.jpg",917,1024,true],"1536x1536":["https:\/\/woodirection.com\/wp-content\/uploads\/2023\/04\/IMG_20230117_002649-01-scaled-e1681716654910-1376x1536.jpg",1376,1536,true],"2048x2048":["https:\/\/woodirection.com\/wp-content\/uploads\/2023\/04\/IMG_20230117_002649-01-1268x2048.jpg",1268,2048,true],"botiga-extra-large":["https:\/\/woodirection.com\/wp-content\/uploads\/2023\/04\/IMG_20230117_002649-01-scaled-e1681716654910-1140x1273.jpg",1140,1273,true],"botiga-large":["https:\/\/woodirection.com\/wp-content\/uploads\/2023\/04\/IMG_20230117_002649-01-scaled-e1681716654910-920x1027.jpg",920,1027,true],"botiga-big":["https:\/\/woodirection.com\/wp-content\/uploads\/2023\/04\/IMG_20230117_002649-01-scaled-e1681716654910-575x642.jpg",575,642,true],"botiga-medium":["https:\/\/woodirection.com\/wp-content\/uploads\/2023\/04\/IMG_20230117_002649-01-scaled-e1681716654910-380x424.jpg",380,424,true],"woocommerce_thumbnail":["https:\/\/woodirection.com\/wp-content\/uploads\/2023\/04\/IMG_20230117_002649-01-scaled-e1681716654910-420x420.jpg",420,420,true],"woocommerce_single":["https:\/\/woodirection.com\/wp-content\/uploads\/2023\/04\/IMG_20230117_002649-01-scaled-e1681716654910-800x893.jpg",800,893,true],"woocommerce_gallery_thumbnail":["https:\/\/woodirection.com\/wp-content\/uploads\/2023\/04\/IMG_20230117_002649-01-scaled-e1681716654910-100x100.jpg",100,100,true]},"uagb_author_info":{"display_name":"B.Kaczmarek","author_link":"https:\/\/woodirection.com\/?author=0"},"uagb_comment_info":0,"uagb_excerpt":"R\u0119cznie rze\u017abiona figurka z drewna orzecha w\u0142oskiego Unikalne niepowtarzalne kolory Ta figurka\u00a0 wykonana z najwy\u017csz\u0105 staranno\u015bci\u0105 i precyzj\u0105 . Ka\u017cda z nich jest unikalna i niepowtarzalna, dzi\u0119ki temu, \u017ce zosta\u0142a wykonana w ca\u0142o\u015bci r\u0119cznie. Drewno orzecha w\u0142oskiego, z kt\u00f3rego zosta\u0142a wyrze\u017abiona, jest materia\u0142em bardzo ekskluzywnym i cenionym za swoj\u0105 wytrzyma\u0142o\u015b\u0107 i elegancki wygl\u0105d. Je\u015bli szukasz&hellip;","_links":{"self":[{"href":"https:\/\/woodirection.com\/index.php?rest_route=\/wp\/v2\/product\/70","targetHints":{"allow":["GET"]}}],"collection":[{"href":"https:\/\/woodirection.com\/index.php?rest_route=\/wp\/v2\/product"}],"about":[{"href":"https:\/\/woodirection.com\/index.php?rest_route=\/wp\/v2\/types\/product"}],"wp:featuredmedia":[{"embeddable":true,"href":"https:\/\/woodirection.com\/index.php?rest_route=\/wp\/v2\/media\/74"}],"wp:attachment":[{"href":"https:\/\/woodirection.com\/index.php?rest_route=%2Fwp%2Fv2%2Fmedia&parent=70"}],"wp:term":[{"taxonomy":"product_brand","embeddable":true,"href":"https:\/\/woodirection.com\/index.php?rest_route=%2Fwp%2Fv2%2Fproduct_brand&post=70"},{"taxonomy":"product_cat","embeddable":true,"href":"https:\/\/woodirection.com\/index.php?rest_route=%2Fwp%2Fv2%2Fproduct_cat&post=70"},{"taxonomy":"product_tag","embeddable":true,"href":"https:\/\/woodirection.com\/index.php?rest_route=%2Fwp%2Fv2%2Fproduct_tag&post=70"}],"curies":[{"name":"wp","href":"https:\/\/api.w.org\/{rel}","templated":true}]}}