{"id":948,"date":"2024-04-07T11:51:15","date_gmt":"2024-04-07T11:51:15","guid":{"rendered":"https:\/\/woodirection.com\/?post_type=product&#038;p=948"},"modified":"2026-01-29T15:01:39","modified_gmt":"2026-01-29T15:01:39","slug":"lyzka-zajac-nowy-design","status":"publish","type":"product","link":"https:\/\/woodirection.com\/?product=lyzka-zajac-nowy-design","title":{"rendered":"\u0141y\u017cka Zaj\u0105c &#8211; nowy Design"},"content":{"rendered":"","protected":false},"excerpt":{"rendered":"<ul>\n<li>R\u0119cznie rze\u017abiona \u0142y\u017cka z drewna orzecha w\u0142oskiego<\/li>\n<li>Unikalne niepowtarzalne kolory<\/li>\n<\/ul>\n<p>Ta \u0142y\u017cka\u00a0 wykonana z najwy\u017csz\u0105 staranno\u015bci\u0105 i precyzj\u0105 . Ka\u017cda z nich jest unikalna i niepowtarzalna, dzi\u0119ki temu, \u017ce zosta\u0142a wykonana w ca\u0142o\u015bci r\u0119cznie.<\/p>\n<p>Drewno orzecha w\u0142oskiego, z kt\u00f3rego zosta\u0142a wyrze\u017abiona, jest materia\u0142em bardzo ekskluzywnym i cenionym za swoj\u0105 wytrzyma\u0142o\u015b\u0107 i elegancki wygl\u0105d.<\/p>\n<p>Je\u015bli szukasz wyj\u0105tkowego przedmiotu, kt\u00f3ry dodaje charakteru Twojemu wn\u0119trzu, ta r\u0119cznie rze\u017abiona \u0142y\u017cka jest idealnym wyborem. To pi\u0119kna i trwa\u0142a dekoracja, kt\u00f3ra na pewno przyci\u0105gnie uwag\u0119 Twoich go\u015bci i doda stylu Twojemu pomieszczeniu.<\/p>\n<p>Impregnowana naturalnym olejem lnianym lub tungowym.<\/p>\n<p>U\u017cytkowa<\/p>\n<p>Do\u0142\u0105czone podpisane przez autora potwierdzenie r\u0119cznego wykonania<\/p>\n<p>Wymiary :\u00a0 28 cm d\u0142ugo\u015bci ( ka\u017cda sztuka mo\u017ce r\u00f3\u017cni\u0107 si\u0119 delikatnie wymiarami )<\/p>\n<p><strong>Termin realizacji zam\u00f3wienia ustalony b\u0119dzie indywidualnie drog\u0105 mailow\u0105.\u00a0<\/strong><\/p>\n","protected":false},"featured_media":945,"template":"","meta":{"_acf_changed":false,"_uag_custom_page_level_css":"","ngg_post_thumbnail":0},"product_brand":[],"product_cat":[22],"product_tag":[],"class_list":{"0":"post-948","1":"product","2":"type-product","3":"status-publish","4":"has-post-thumbnail","6":"product_cat-lyzki","8":"first","9":"onbackorder","10":"shipping-taxable","11":"purchasable","12":"product-type-simple"},"acf":[],"uagb_featured_image_src":{"full":["https:\/\/woodirection.com\/wp-content\/uploads\/2024\/04\/LyzkaZajac2.jpg",1440,1920,false],"thumbnail":["https:\/\/woodirection.com\/wp-content\/uploads\/2024\/04\/LyzkaZajac2-150x150.jpg",150,150,true],"medium":["https:\/\/woodirection.com\/wp-content\/uploads\/2024\/04\/LyzkaZajac2-225x300.jpg",225,300,true],"medium_large":["https:\/\/woodirection.com\/wp-content\/uploads\/2024\/04\/LyzkaZajac2-768x1024.jpg",768,1024,true],"large":["https:\/\/woodirection.com\/wp-content\/uploads\/2024\/04\/LyzkaZajac2-768x1024.jpg",768,1024,true],"1536x1536":["https:\/\/woodirection.com\/wp-content\/uploads\/2024\/04\/LyzkaZajac2-1152x1536.jpg",1152,1536,true],"2048x2048":["https:\/\/woodirection.com\/wp-content\/uploads\/2024\/04\/LyzkaZajac2.jpg",1440,1920,false],"botiga-extra-large":["https:\/\/woodirection.com\/wp-content\/uploads\/2024\/04\/LyzkaZajac2.jpg",1140,1520,false],"botiga-large":["https:\/\/woodirection.com\/wp-content\/uploads\/2024\/04\/LyzkaZajac2.jpg",920,1227,false],"botiga-big":["https:\/\/woodirection.com\/wp-content\/uploads\/2024\/04\/LyzkaZajac2.jpg",575,767,false],"botiga-medium":["https:\/\/woodirection.com\/wp-content\/uploads\/2024\/04\/LyzkaZajac2.jpg",380,507,false],"woocommerce_thumbnail":["https:\/\/woodirection.com\/wp-content\/uploads\/2024\/04\/LyzkaZajac2-420x420.jpg",420,420,true],"woocommerce_single":["https:\/\/woodirection.com\/wp-content\/uploads\/2024\/04\/LyzkaZajac2-800x1067.jpg",800,1067,true],"woocommerce_gallery_thumbnail":["https:\/\/woodirection.com\/wp-content\/uploads\/2024\/04\/LyzkaZajac2-100x100.jpg",100,100,true]},"uagb_author_info":{"display_name":"B.Kaczmarek","author_link":"https:\/\/woodirection.com\/?author=0"},"uagb_comment_info":0,"uagb_excerpt":"R\u0119cznie rze\u017abiona \u0142y\u017cka z drewna orzecha w\u0142oskiego Unikalne niepowtarzalne kolory Ta \u0142y\u017cka\u00a0 wykonana z najwy\u017csz\u0105 staranno\u015bci\u0105 i precyzj\u0105 . Ka\u017cda z nich jest unikalna i niepowtarzalna, dzi\u0119ki temu, \u017ce zosta\u0142a wykonana w ca\u0142o\u015bci r\u0119cznie. Drewno orzecha w\u0142oskiego, z kt\u00f3rego zosta\u0142a wyrze\u017abiona, jest materia\u0142em bardzo ekskluzywnym i cenionym za swoj\u0105 wytrzyma\u0142o\u015b\u0107 i elegancki wygl\u0105d. Je\u015bli szukasz&hellip;","_links":{"self":[{"href":"https:\/\/woodirection.com\/index.php?rest_route=\/wp\/v2\/product\/948","targetHints":{"allow":["GET"]}}],"collection":[{"href":"https:\/\/woodirection.com\/index.php?rest_route=\/wp\/v2\/product"}],"about":[{"href":"https:\/\/woodirection.com\/index.php?rest_route=\/wp\/v2\/types\/product"}],"wp:featuredmedia":[{"embeddable":true,"href":"https:\/\/woodirection.com\/index.php?rest_route=\/wp\/v2\/media\/945"}],"wp:attachment":[{"href":"https:\/\/woodirection.com\/index.php?rest_route=%2Fwp%2Fv2%2Fmedia&parent=948"}],"wp:term":[{"taxonomy":"product_brand","embeddable":true,"href":"https:\/\/woodirection.com\/index.php?rest_route=%2Fwp%2Fv2%2Fproduct_brand&post=948"},{"taxonomy":"product_cat","embeddable":true,"href":"https:\/\/woodirection.com\/index.php?rest_route=%2Fwp%2Fv2%2Fproduct_cat&post=948"},{"taxonomy":"product_tag","embeddable":true,"href":"https:\/\/woodirection.com\/index.php?rest_route=%2Fwp%2Fv2%2Fproduct_tag&post=948"}],"curies":[{"name":"wp","href":"https:\/\/api.w.org\/{rel}","templated":true}]}}